{"id":1337,"date":"2022-07-21T14:44:45","date_gmt":"2022-07-21T14:44:45","guid":{"rendered":"https:\/\/www.hypertera.com\/?product=kayntikorttikansio-pehmeakantinen-112-kortille-muovitaskut"},"modified":"2022-07-21T14:44:46","modified_gmt":"2022-07-21T14:44:46","slug":"kayntikorttikansio-pehmeakantinen-112-kortille-muovitaskut","status":"publish","type":"product","link":"https:\/\/www.hypertera.com\/?product=kayntikorttikansio-pehmeakantinen-112-kortille-muovitaskut","title":{"rendered":"K\u00e4yntikorttikansio, pehme\u00e4kantinen, 112 kortille, muovitaskut"},"content":{"rendered":"<p>Tyylik\u00e4s tumma k\u00e4yntikorttikansio 112 k\u00e4yntikortille. Kansiossa on l\u00e4pin\u00e4kyv\u00e4t muoviset taskut, ei aakkosia. Allekain mahtuu 4 k\u00e4yntikorttia. K\u00e4yntikorttien maksimikoko on 90 x 57 cm. Hanki t\u00e4st\u00e4 k\u00e4tev\u00e4 k\u00e4yntikorttikansio, miss\u00e4 k\u00e4yntikorttisi pysyv\u00e4t j\u00e4rjestyksess\u00e4.<\/p>\n","protected":false},"excerpt":{"rendered":"<p>F-Office K\u00e4yntikorttikansio<\/p>\n","protected":false},"featured_media":1338,"comment_status":"closed","ping_status":"closed","template":"","meta":[],"product_brand":[],"product_cat":[418,417,31,415,30,416,16],"product_tag":[419],"class_list":{"0":"post-1337","1":"product","2":"type-product","3":"status-publish","4":"has-post-thumbnail","6":"product_cat-erikoiskansiot-kansiot-ja-mapit-toimistotarvikkeet-puhelinmuistiot-kayntikorttikansiottuotteet","7":"product_cat-kansiot-ja-mapit-toimistotarvikkeet-puhelinmuistiot-kayntikorttikansiottuotteet","8":"product_cat-kansiot-ja-mapit","9":"product_cat-puhelinmuistiot-kayntikorttikansiottuotteet","10":"product_cat-toimistotarvikkeet","11":"product_cat-toimistotarvikkeet-puhelinmuistiot-kayntikorttikansiottuotteet","12":"product_cat-tuotteet","13":"product_tag-kayntikorttikansiot","15":"first","16":"instock","17":"purchasable","18":"product-type-simple"},"jetpack_sharing_enabled":true,"_links":{"self":[{"href":"https:\/\/www.hypertera.com\/index.php?rest_route=\/wp\/v2\/product\/1337","targetHints":{"allow":["GET"]}}],"collection":[{"href":"https:\/\/www.hypertera.com\/index.php?rest_route=\/wp\/v2\/product"}],"about":[{"href":"https:\/\/www.hypertera.com\/index.php?rest_route=\/wp\/v2\/types\/product"}],"replies":[{"embeddable":true,"href":"https:\/\/www.hypertera.com\/index.php?rest_route=%2Fwp%2Fv2%2Fcomments&post=1337"}],"wp:featuredmedia":[{"embeddable":true,"href":"https:\/\/www.hypertera.com\/index.php?rest_route=\/wp\/v2\/media\/1338"}],"wp:attachment":[{"href":"https:\/\/www.hypertera.com\/index.php?rest_route=%2Fwp%2Fv2%2Fmedia&parent=1337"}],"wp:term":[{"taxonomy":"product_brand","embeddable":true,"href":"https:\/\/www.hypertera.com\/index.php?rest_route=%2Fwp%2Fv2%2Fproduct_brand&post=1337"},{"taxonomy":"product_cat","embeddable":true,"href":"https:\/\/www.hypertera.com\/index.php?rest_route=%2Fwp%2Fv2%2Fproduct_cat&post=1337"},{"taxonomy":"product_tag","embeddable":true,"href":"https:\/\/www.hypertera.com\/index.php?rest_route=%2Fwp%2Fv2%2Fproduct_tag&post=1337"}],"curies":[{"name":"wp","href":"https:\/\/api.w.org\/{rel}","templated":true}]}}