{"id":1325,"date":"2022-07-21T14:44:15","date_gmt":"2022-07-21T14:44:15","guid":{"rendered":"https:\/\/www.hypertera.com\/?product=kayntikortti-avery-c32011-1-pkt-250"},"modified":"2022-07-21T14:44:29","modified_gmt":"2022-07-21T14:44:29","slug":"kayntikortti-avery-c32011-1-pkt-250","status":"publish","type":"product","link":"https:\/\/www.hypertera.com\/?product=kayntikortti-avery-c32011-1-pkt-250","title":{"rendered":"K\u00e4yntikortti, Avery C32011, 1 pkt\/250"},"content":{"rendered":"<p>Kortin koko 85&#215;54 mm. 10 korttia\/arkki, 25 arkkia\/pakkaus. Materiaali matta, valkoinen, 200 g kartonki. Esileikatut kortit irrotetaan kehyksest\u00e4\u00e4n taittamalla, jonka ansiosta kortille tulevat ter\u00e4v\u00e4t, tasaiset reunat. Averyn kotisivulta www.europe.avery.com ladattavissa korttien tekoa varten ilmainen ohjelma DesignPro 2000. Soveltuu k\u00e4ytett\u00e4v\u00e4ksi kopiokoneissa, mustesuihku- ja lasertulostimissa.<\/p>\n","protected":false},"excerpt":{"rendered":"<p>Kortin koko 85&#215;54 mm. 10 korttia\/arkki, 25 arkkia\/pakkaus. Materiaali matta, valkoinen, 200 g kartonki. Esileikatut kortit irrotetaan kehyksest\u00e4\u00e4n taittamalla, jonka ansiosta kortille tulevat ter\u00e4v\u00e4t, tasaiset reunat. Averyn kotisivulta www.europe.avery.com ladattavissa korttien tekoa varten ilmainen ohjelma DesignPro 2000. Soveltuu k\u00e4ytett\u00e4v\u00e4ksi kopiokoneissa, mustesuihku- ja lasertulostimissa.<\/p>\n","protected":false},"featured_media":1326,"comment_status":"closed","ping_status":"closed","template":"","meta":[],"product_brand":[],"product_cat":[412,413,411,30,410,128,16],"product_tag":[414],"class_list":{"0":"post-1325","1":"product","2":"type-product","3":"status-publish","4":"has-post-thumbnail","6":"product_cat-etiketit-tarrat-ja-nimilappukotelot-toimistotarvikkeet-tulostettavat-kayntikortittuotteet","7":"product_cat-kaynti-ja-nimikorttikotelot-kortit","8":"product_cat-toimistotarvikkeet-tulostettavat-kayntikortittuotteet","9":"product_cat-toimistotarvikkeet","10":"product_cat-tulostettavat-kayntikortittuotteet","11":"product_cat-tulostus-ja-kopiopaperit-kalvot","12":"product_cat-tuotteet","13":"product_tag-kayntikortit","15":"first","16":"instock","17":"purchasable","18":"product-type-simple"},"jetpack_sharing_enabled":true,"_links":{"self":[{"href":"https:\/\/www.hypertera.com\/index.php?rest_route=\/wp\/v2\/product\/1325","targetHints":{"allow":["GET"]}}],"collection":[{"href":"https:\/\/www.hypertera.com\/index.php?rest_route=\/wp\/v2\/product"}],"about":[{"href":"https:\/\/www.hypertera.com\/index.php?rest_route=\/wp\/v2\/types\/product"}],"replies":[{"embeddable":true,"href":"https:\/\/www.hypertera.com\/index.php?rest_route=%2Fwp%2Fv2%2Fcomments&post=1325"}],"wp:featuredmedia":[{"embeddable":true,"href":"https:\/\/www.hypertera.com\/index.php?rest_route=\/wp\/v2\/media\/1326"}],"wp:attachment":[{"href":"https:\/\/www.hypertera.com\/index.php?rest_route=%2Fwp%2Fv2%2Fmedia&parent=1325"}],"wp:term":[{"taxonomy":"product_brand","embeddable":true,"href":"https:\/\/www.hypertera.com\/index.php?rest_route=%2Fwp%2Fv2%2Fproduct_brand&post=1325"},{"taxonomy":"product_cat","embeddable":true,"href":"https:\/\/www.hypertera.com\/index.php?rest_route=%2Fwp%2Fv2%2Fproduct_cat&post=1325"},{"taxonomy":"product_tag","embeddable":true,"href":"https:\/\/www.hypertera.com\/index.php?rest_route=%2Fwp%2Fv2%2Fproduct_tag&post=1325"}],"curies":[{"name":"wp","href":"https:\/\/api.w.org\/{rel}","templated":true}]}}