{"id":1321,"date":"2022-07-21T14:44:15","date_gmt":"2022-07-21T14:44:15","guid":{"rendered":"https:\/\/www.hypertera.com\/?product=kaynnistyskaapeli-kupariseos-30-mm2"},"modified":"2022-07-21T14:44:18","modified_gmt":"2022-07-21T14:44:18","slug":"kaynnistyskaapeli-kupariseos-30-mm2","status":"publish","type":"product","link":"https:\/\/www.hypertera.com\/?product=kaynnistyskaapeli-kupariseos-30-mm2","title":{"rendered":"K\u00e4ynnistyskaapeli, kupariseos, 30 mm2"},"content":{"rendered":"<p>Eritt\u00e4in laadukas k\u00e4ynnistyskaapelien pari. 2 johdinta, valmistettu kupariseoksesta. Pehme\u00e4 eriste p\u00e4\u00e4ll\u00e4. Poikkihalkaisija on jopa 30 mm2, joten johdin soveltuu my\u00f6s korkean k\u00e4ynnistysvirran kuljettamiseen.<\/p>\n","protected":false},"excerpt":{"rendered":"<p>kupariseos 30 mm2 K\u00e4ynnistyskaapeli<\/p>\n","protected":false},"featured_media":1322,"comment_status":"closed","ping_status":"closed","template":"","meta":[],"product_brand":[],"product_cat":[15],"product_tag":[409],"class_list":{"0":"post-1321","1":"product","2":"type-product","3":"status-publish","4":"has-post-thumbnail","6":"product_cat-uncategorized","7":"product_tag-kaynnistyskaapelit","9":"first","10":"instock","11":"purchasable","12":"product-type-simple"},"jetpack_sharing_enabled":true,"_links":{"self":[{"href":"https:\/\/www.hypertera.com\/index.php?rest_route=\/wp\/v2\/product\/1321","targetHints":{"allow":["GET"]}}],"collection":[{"href":"https:\/\/www.hypertera.com\/index.php?rest_route=\/wp\/v2\/product"}],"about":[{"href":"https:\/\/www.hypertera.com\/index.php?rest_route=\/wp\/v2\/types\/product"}],"replies":[{"embeddable":true,"href":"https:\/\/www.hypertera.com\/index.php?rest_route=%2Fwp%2Fv2%2Fcomments&post=1321"}],"wp:featuredmedia":[{"embeddable":true,"href":"https:\/\/www.hypertera.com\/index.php?rest_route=\/wp\/v2\/media\/1322"}],"wp:attachment":[{"href":"https:\/\/www.hypertera.com\/index.php?rest_route=%2Fwp%2Fv2%2Fmedia&parent=1321"}],"wp:term":[{"taxonomy":"product_brand","embeddable":true,"href":"https:\/\/www.hypertera.com\/index.php?rest_route=%2Fwp%2Fv2%2Fproduct_brand&post=1321"},{"taxonomy":"product_cat","embeddable":true,"href":"https:\/\/www.hypertera.com\/index.php?rest_route=%2Fwp%2Fv2%2Fproduct_cat&post=1321"},{"taxonomy":"product_tag","embeddable":true,"href":"https:\/\/www.hypertera.com\/index.php?rest_route=%2Fwp%2Fv2%2Fproduct_tag&post=1321"}],"curies":[{"name":"wp","href":"https:\/\/api.w.org\/{rel}","templated":true}]}}