{"id":1319,"date":"2022-07-21T14:44:15","date_gmt":"2022-07-21T14:44:15","guid":{"rendered":"https:\/\/www.hypertera.com\/?product=kasipyyhe-tork-c-fold-1-sak-20"},"modified":"2022-07-21T14:44:17","modified_gmt":"2022-07-21T14:44:17","slug":"kasipyyhe-tork-c-fold-1-sak-20","status":"publish","type":"product","link":"https:\/\/www.hypertera.com\/?product=kasipyyhe-tork-c-fold-1-sak-20","title":{"rendered":"K\u00e4sipyyhe, Tork, C-fold, 1 s\u00e4k\/20"},"content":{"rendered":"<p>Arkin koko 24&#215;27.5 cm, 120 ark\/pkt, 20 pkt\/s\u00e4k, 32 s\u00e4k\/lava. 2-kertainen, C-taitto. Sopii C-taitolle tarkoitettuihin annostelijoihin. K\u00e4y Torkin annostelijoihin (tuotekoodit: PYA-L18, PYA-L19, PYA-L1A, PYA-L1B).   Advanced laatutaso. Uniikki pakkaus: k\u00e4sipyyhepakkaus toimii annostelijana.   Vastaava tuote Lotus Professional C-taitto k\u00e4sipyyhe Plussan kanssa.<\/p>\n","protected":false},"excerpt":{"rendered":"<p>Tork, C-fold k\u00e4sipyyhe, 1 s\u00e4k\/20<\/p>\n","protected":false},"featured_media":1320,"comment_status":"closed","ping_status":"closed","template":"","meta":[],"product_brand":[],"product_cat":[407,195,16],"product_tag":[408],"class_list":{"0":"post-1319","1":"product","2":"type-product","3":"status-publish","4":"has-post-thumbnail","6":"product_cat-kasipyyhkeet","7":"product_cat-taloustarvikkeet","8":"product_cat-tuotteet","9":"product_tag-kasipyyhkeet","11":"first","12":"outofstock","13":"purchasable","14":"product-type-simple"},"jetpack_sharing_enabled":true,"_links":{"self":[{"href":"https:\/\/www.hypertera.com\/index.php?rest_route=\/wp\/v2\/product\/1319","targetHints":{"allow":["GET"]}}],"collection":[{"href":"https:\/\/www.hypertera.com\/index.php?rest_route=\/wp\/v2\/product"}],"about":[{"href":"https:\/\/www.hypertera.com\/index.php?rest_route=\/wp\/v2\/types\/product"}],"replies":[{"embeddable":true,"href":"https:\/\/www.hypertera.com\/index.php?rest_route=%2Fwp%2Fv2%2Fcomments&post=1319"}],"wp:featuredmedia":[{"embeddable":true,"href":"https:\/\/www.hypertera.com\/index.php?rest_route=\/wp\/v2\/media\/1320"}],"wp:attachment":[{"href":"https:\/\/www.hypertera.com\/index.php?rest_route=%2Fwp%2Fv2%2Fmedia&parent=1319"}],"wp:term":[{"taxonomy":"product_brand","embeddable":true,"href":"https:\/\/www.hypertera.com\/index.php?rest_route=%2Fwp%2Fv2%2Fproduct_brand&post=1319"},{"taxonomy":"product_cat","embeddable":true,"href":"https:\/\/www.hypertera.com\/index.php?rest_route=%2Fwp%2Fv2%2Fproduct_cat&post=1319"},{"taxonomy":"product_tag","embeddable":true,"href":"https:\/\/www.hypertera.com\/index.php?rest_route=%2Fwp%2Fv2%2Fproduct_tag&post=1319"}],"curies":[{"name":"wp","href":"https:\/\/api.w.org\/{rel}","templated":true}]}}