{"id":1315,"date":"2022-07-21T14:43:51","date_gmt":"2022-07-21T14:43:51","guid":{"rendered":"https:\/\/www.hypertera.com\/?product=kasipyyhe-lotus-professional-standard-z-taitto-1-sak-20"},"modified":"2022-07-21T14:44:11","modified_gmt":"2022-07-21T14:44:11","slug":"kasipyyhe-lotus-professional-standard-z-taitto-1-sak-20","status":"publish","type":"product","link":"https:\/\/www.hypertera.com\/?product=kasipyyhe-lotus-professional-standard-z-taitto-1-sak-20","title":{"rendered":"K\u00e4sipyyhe, Lotus Professional Standard, Z-taitto, 1 s\u00e4k\/20"},"content":{"rendered":"<p>Koko: 21,3 x 23,4 cm, 190 ark\/pkt, 20pkt\/s\u00e4k, 2-kertainen. Z-taitto. K\u00e4y my\u00f6s uusiin Lotus Professional Marathon annostelijoihin 404240, 404241, 404242, 404243 (tuotekoodit: PYA-L18, PYA-L19, PYA-L1A, PYA-L1B).    Vastaava tuote Lotus Professional Z-taitto, Standardin kanssa.<\/p>\n","protected":false},"excerpt":{"rendered":"<p>Lotus Professional Standard Z-taitto K\u00e4sipyyhe, 1 s\u00e4k\/20<\/p>\n","protected":false},"featured_media":1316,"comment_status":"closed","ping_status":"closed","template":"","meta":[],"product_brand":[],"product_cat":[407,195,16],"product_tag":[408],"class_list":{"0":"post-1315","1":"product","2":"type-product","3":"status-publish","4":"has-post-thumbnail","6":"product_cat-kasipyyhkeet","7":"product_cat-taloustarvikkeet","8":"product_cat-tuotteet","9":"product_tag-kasipyyhkeet","11":"first","12":"outofstock","13":"purchasable","14":"product-type-simple"},"jetpack_sharing_enabled":true,"_links":{"self":[{"href":"https:\/\/www.hypertera.com\/index.php?rest_route=\/wp\/v2\/product\/1315","targetHints":{"allow":["GET"]}}],"collection":[{"href":"https:\/\/www.hypertera.com\/index.php?rest_route=\/wp\/v2\/product"}],"about":[{"href":"https:\/\/www.hypertera.com\/index.php?rest_route=\/wp\/v2\/types\/product"}],"replies":[{"embeddable":true,"href":"https:\/\/www.hypertera.com\/index.php?rest_route=%2Fwp%2Fv2%2Fcomments&post=1315"}],"wp:featuredmedia":[{"embeddable":true,"href":"https:\/\/www.hypertera.com\/index.php?rest_route=\/wp\/v2\/media\/1316"}],"wp:attachment":[{"href":"https:\/\/www.hypertera.com\/index.php?rest_route=%2Fwp%2Fv2%2Fmedia&parent=1315"}],"wp:term":[{"taxonomy":"product_brand","embeddable":true,"href":"https:\/\/www.hypertera.com\/index.php?rest_route=%2Fwp%2Fv2%2Fproduct_brand&post=1315"},{"taxonomy":"product_cat","embeddable":true,"href":"https:\/\/www.hypertera.com\/index.php?rest_route=%2Fwp%2Fv2%2Fproduct_cat&post=1315"},{"taxonomy":"product_tag","embeddable":true,"href":"https:\/\/www.hypertera.com\/index.php?rest_route=%2Fwp%2Fv2%2Fproduct_tag&post=1315"}],"curies":[{"name":"wp","href":"https:\/\/api.w.org\/{rel}","templated":true}]}}