{"id":1313,"date":"2022-07-21T14:43:51","date_gmt":"2022-07-21T14:43:51","guid":{"rendered":"https:\/\/www.hypertera.com\/?product=x-kasipyyhe-lotus-professional-enmotion-sininen-1-sak-6poistunut"},"modified":"2022-07-21T14:43:58","modified_gmt":"2022-07-21T14:43:58","slug":"x-kasipyyhe-lotus-professional-enmotion-sininen-1-sak-6poistunut","status":"publish","type":"product","link":"https:\/\/www.hypertera.com\/?product=x-kasipyyhe-lotus-professional-enmotion-sininen-1-sak-6poistunut","title":{"rendered":"X K\u00e4sipyyhe, Lotus Professional Enmotion, sininen, 1 s\u00e4k\/6(POISTUNUT)"},"content":{"rendered":"<p>Pehme\u00e4ll\u00e4 enMotion-k\u00e4sipyyhkeell\u00e4 k\u00e4sien kuivaaminen k\u00e4y hetkess\u00e4 &ndash; ja hygieenisesti. Hienostunut Lotus-kukkakuviointi ja miellytt\u00e4v\u00e4n pehme\u00e4 paperi tekev\u00e4t saniteettitilastasi edustustilan. Imukykyinen ja luja paperi my\u00f6s v\u00e4hent\u00e4\u00e4 kulutusta ja pienent\u00e4\u00e4 j\u00e4tem\u00e4\u00e4r\u00e4\u00e4. Riittoisassa enMotion-rullassa on paperia 143 metri\u00e4, joten 30 cm:n pituisella arkilla t\u00e4ytt\u00f6v\u00e4li on per\u00e4ti 477 k\u00e4ytt\u00f6kertaa.  S\u00e4\u00e4dett\u00e4v\u00e4 arkin koko, leveys 24.7 cm, 143 m\/rll, 6 rll\/s\u00e4k. 2-kertainen. Sopii Lotus Professional enMotion annostelijoihin (Lotus-tuotekoodit K900000\/K900001). Elintarvikek\u00e4ytt\u00f6\u00f6n hyv\u00e4ksytty.    Vastaava tuote LP enMotion rullak\u00e4sipyyhe, sininen kanssa.<\/p>\n","protected":false},"excerpt":{"rendered":"<p>Sininen Lotus Professional Enmotion K\u00e4sipyyhe, 1 s\u00e4k\/6<\/p>\n","protected":false},"featured_media":1314,"comment_status":"closed","ping_status":"closed","template":"","meta":[],"product_brand":[],"product_cat":[407,195,16],"product_tag":[408],"class_list":{"0":"post-1313","1":"product","2":"type-product","3":"status-publish","4":"has-post-thumbnail","6":"product_cat-kasipyyhkeet","7":"product_cat-taloustarvikkeet","8":"product_cat-tuotteet","9":"product_tag-kasipyyhkeet","11":"first","12":"outofstock","13":"purchasable","14":"product-type-simple"},"jetpack_sharing_enabled":true,"_links":{"self":[{"href":"https:\/\/www.hypertera.com\/index.php?rest_route=\/wp\/v2\/product\/1313","targetHints":{"allow":["GET"]}}],"collection":[{"href":"https:\/\/www.hypertera.com\/index.php?rest_route=\/wp\/v2\/product"}],"about":[{"href":"https:\/\/www.hypertera.com\/index.php?rest_route=\/wp\/v2\/types\/product"}],"replies":[{"embeddable":true,"href":"https:\/\/www.hypertera.com\/index.php?rest_route=%2Fwp%2Fv2%2Fcomments&post=1313"}],"wp:featuredmedia":[{"embeddable":true,"href":"https:\/\/www.hypertera.com\/index.php?rest_route=\/wp\/v2\/media\/1314"}],"wp:attachment":[{"href":"https:\/\/www.hypertera.com\/index.php?rest_route=%2Fwp%2Fv2%2Fmedia&parent=1313"}],"wp:term":[{"taxonomy":"product_brand","embeddable":true,"href":"https:\/\/www.hypertera.com\/index.php?rest_route=%2Fwp%2Fv2%2Fproduct_brand&post=1313"},{"taxonomy":"product_cat","embeddable":true,"href":"https:\/\/www.hypertera.com\/index.php?rest_route=%2Fwp%2Fv2%2Fproduct_cat&post=1313"},{"taxonomy":"product_tag","embeddable":true,"href":"https:\/\/www.hypertera.com\/index.php?rest_route=%2Fwp%2Fv2%2Fproduct_tag&post=1313"}],"curies":[{"name":"wp","href":"https:\/\/api.w.org\/{rel}","templated":true}]}}