{"id":1293,"date":"2022-07-21T14:43:19","date_gmt":"2022-07-21T14:43:19","guid":{"rendered":"https:\/\/www.hypertera.com\/?product=kynateline-metalliverkollinen-musta"},"modified":"2022-07-21T14:43:28","modified_gmt":"2022-07-21T14:43:28","slug":"kynateline-metalliverkollinen-musta","status":"publish","type":"product","link":"https:\/\/www.hypertera.com\/?product=kynateline-metalliverkollinen-musta","title":{"rendered":"Kyn\u00e4teline, metalliverkollinen, musta"},"content":{"rendered":"<p>Tyylik\u00e4s musta verkollinen kyn\u00e4teline, joka on tehty metalliseoksesta. Koko 79 x 102 mm.<\/p>\n","protected":false},"excerpt":{"rendered":"<p>Musta Metalliverkollinen Kyn\u00e4teline<\/p>\n","protected":false},"featured_media":1294,"comment_status":"closed","ping_status":"closed","template":"","meta":[],"product_brand":[],"product_cat":[401,398,400,30,399,16,293],"product_tag":[402],"class_list":{"0":"post-1293","1":"product","2":"type-product","3":"status-publish","4":"has-post-thumbnail","6":"product_cat-kuulamustekynat-kynat-toimistotarvikkeet-kynapurkit-kynatelineettuotteet","7":"product_cat-kynapurkit-kynatelineettuotteet","8":"product_cat-kynat-toimistotarvikkeet-kynapurkit-kynatelineettuotteet","9":"product_cat-toimistotarvikkeet","10":"product_cat-toimistotarvikkeet-kynapurkit-kynatelineettuotteet","11":"product_cat-tuotteet","12":"product_cat-tyopistetarvikkeet","13":"product_tag-kynatelineet","15":"first","16":"instock","17":"purchasable","18":"product-type-simple"},"jetpack_sharing_enabled":true,"_links":{"self":[{"href":"https:\/\/www.hypertera.com\/index.php?rest_route=\/wp\/v2\/product\/1293","targetHints":{"allow":["GET"]}}],"collection":[{"href":"https:\/\/www.hypertera.com\/index.php?rest_route=\/wp\/v2\/product"}],"about":[{"href":"https:\/\/www.hypertera.com\/index.php?rest_route=\/wp\/v2\/types\/product"}],"replies":[{"embeddable":true,"href":"https:\/\/www.hypertera.com\/index.php?rest_route=%2Fwp%2Fv2%2Fcomments&post=1293"}],"wp:featuredmedia":[{"embeddable":true,"href":"https:\/\/www.hypertera.com\/index.php?rest_route=\/wp\/v2\/media\/1294"}],"wp:attachment":[{"href":"https:\/\/www.hypertera.com\/index.php?rest_route=%2Fwp%2Fv2%2Fmedia&parent=1293"}],"wp:term":[{"taxonomy":"product_brand","embeddable":true,"href":"https:\/\/www.hypertera.com\/index.php?rest_route=%2Fwp%2Fv2%2Fproduct_brand&post=1293"},{"taxonomy":"product_cat","embeddable":true,"href":"https:\/\/www.hypertera.com\/index.php?rest_route=%2Fwp%2Fv2%2Fproduct_cat&post=1293"},{"taxonomy":"product_tag","embeddable":true,"href":"https:\/\/www.hypertera.com\/index.php?rest_route=%2Fwp%2Fv2%2Fproduct_tag&post=1293"}],"curies":[{"name":"wp","href":"https:\/\/api.w.org\/{rel}","templated":true}]}}