{"id":1279,"date":"2022-07-21T14:42:42","date_gmt":"2022-07-21T14:42:42","guid":{"rendered":"https:\/\/www.hypertera.com\/?product=kynakotelo-grifos-8-kulmainen-nahkajaljitelma-musta"},"modified":"2022-07-21T14:42:53","modified_gmt":"2022-07-21T14:42:53","slug":"kynakotelo-grifos-8-kulmainen-nahkajaljitelma-musta","status":"publish","type":"product","link":"https:\/\/www.hypertera.com\/?product=kynakotelo-grifos-8-kulmainen-nahkajaljitelma-musta","title":{"rendered":"Kyn\u00e4kotelo, Grifos, 8-kulmainen, nahkaj\u00e4ljitelm\u00e4, musta"},"content":{"rendered":"<p>Ulkopuoli mustaa nahkaj\u00e4ljitelm\u00e4\u00e4, sis\u00e4ll\u00e4 kauniisti rypytetty satiinikangas.    Huom! Kuvassa oleva kyn\u00e4 ei kuulu tuotteeseen.<\/p>\n","protected":false},"excerpt":{"rendered":"<p>Ulkopuoli mustaa nahkaj\u00e4ljitelm\u00e4\u00e4, sis\u00e4ll\u00e4 kauniisti rypytetty satiinikangas. Huom! Kuvassa oleva kyn\u00e4 ei kuulu tuotteeseen.<\/p>\n","protected":false},"featured_media":1280,"comment_status":"closed","ping_status":"closed","template":"","meta":[],"product_brand":[],"product_cat":[15],"product_tag":[393],"class_list":{"0":"post-1279","1":"product","2":"type-product","3":"status-publish","4":"has-post-thumbnail","6":"product_cat-uncategorized","7":"product_tag-kynakotelot","9":"first","10":"outofstock","11":"purchasable","12":"product-type-simple"},"jetpack_sharing_enabled":true,"_links":{"self":[{"href":"https:\/\/www.hypertera.com\/index.php?rest_route=\/wp\/v2\/product\/1279","targetHints":{"allow":["GET"]}}],"collection":[{"href":"https:\/\/www.hypertera.com\/index.php?rest_route=\/wp\/v2\/product"}],"about":[{"href":"https:\/\/www.hypertera.com\/index.php?rest_route=\/wp\/v2\/types\/product"}],"replies":[{"embeddable":true,"href":"https:\/\/www.hypertera.com\/index.php?rest_route=%2Fwp%2Fv2%2Fcomments&post=1279"}],"wp:featuredmedia":[{"embeddable":true,"href":"https:\/\/www.hypertera.com\/index.php?rest_route=\/wp\/v2\/media\/1280"}],"wp:attachment":[{"href":"https:\/\/www.hypertera.com\/index.php?rest_route=%2Fwp%2Fv2%2Fmedia&parent=1279"}],"wp:term":[{"taxonomy":"product_brand","embeddable":true,"href":"https:\/\/www.hypertera.com\/index.php?rest_route=%2Fwp%2Fv2%2Fproduct_brand&post=1279"},{"taxonomy":"product_cat","embeddable":true,"href":"https:\/\/www.hypertera.com\/index.php?rest_route=%2Fwp%2Fv2%2Fproduct_cat&post=1279"},{"taxonomy":"product_tag","embeddable":true,"href":"https:\/\/www.hypertera.com\/index.php?rest_route=%2Fwp%2Fv2%2Fproduct_tag&post=1279"}],"curies":[{"name":"wp","href":"https:\/\/api.w.org\/{rel}","templated":true}]}}