{"id":1277,"date":"2022-07-21T14:42:42","date_gmt":"2022-07-21T14:42:42","guid":{"rendered":"https:\/\/www.hypertera.com\/?product=kylpypyyhe-biobasic-frotee-80x150-cm"},"modified":"2022-07-21T14:42:43","modified_gmt":"2022-07-21T14:42:43","slug":"kylpypyyhe-biobasic-frotee-80x150-cm","status":"publish","type":"product","link":"https:\/\/www.hypertera.com\/?product=kylpypyyhe-biobasic-frotee-80x150-cm","title":{"rendered":"Kylpypyyhe, BioBasic frotee, 80&#215;150 cm"},"content":{"rendered":"<p>Korkealaatuinen, ilmava ja luonnonv\u00e4rinen kylpypyyhe. Pyyhkeen koko 80&#215;150 cm. Kuitusis\u00e4lt\u00f6 100% puuvillaa. Pese pyyhe ensimm\u00e4isen kerrallan erill\u00e4\u00e4n. Finlaysonin valmistama. T\u00e4m\u00e4 frotee-pyyhkeen valmistuksessa on huomioitu ekologiset, luontoa s\u00e4\u00e4st\u00e4v\u00e4 n\u00e4k\u00f6kohdat. Materiaalina on k\u00e4ytetty valkoisematon 100% puuvillaa, joka valkenee pesuissa, ja frotee-pyyhkeen v\u00e4ri kirkastuu. Pese pyyhe ensimm\u00e4isen kerrallan erill\u00e4\u00e4n. Finlaysonin Tampereella valmistama.<\/p>\n","protected":false},"excerpt":{"rendered":"<p>BioBasic Froteepyyhe  80&#215;150 cm<\/p>\n","protected":false},"featured_media":1278,"comment_status":"closed","ping_status":"closed","template":"","meta":[],"product_brand":[],"product_cat":[15],"product_tag":[392],"class_list":{"0":"post-1277","1":"product","2":"type-product","3":"status-publish","4":"has-post-thumbnail","6":"product_cat-uncategorized","7":"product_tag-kylpypyyhkeet","9":"first","10":"instock","11":"purchasable","12":"product-type-simple"},"jetpack_sharing_enabled":true,"_links":{"self":[{"href":"https:\/\/www.hypertera.com\/index.php?rest_route=\/wp\/v2\/product\/1277","targetHints":{"allow":["GET"]}}],"collection":[{"href":"https:\/\/www.hypertera.com\/index.php?rest_route=\/wp\/v2\/product"}],"about":[{"href":"https:\/\/www.hypertera.com\/index.php?rest_route=\/wp\/v2\/types\/product"}],"replies":[{"embeddable":true,"href":"https:\/\/www.hypertera.com\/index.php?rest_route=%2Fwp%2Fv2%2Fcomments&post=1277"}],"wp:featuredmedia":[{"embeddable":true,"href":"https:\/\/www.hypertera.com\/index.php?rest_route=\/wp\/v2\/media\/1278"}],"wp:attachment":[{"href":"https:\/\/www.hypertera.com\/index.php?rest_route=%2Fwp%2Fv2%2Fmedia&parent=1277"}],"wp:term":[{"taxonomy":"product_brand","embeddable":true,"href":"https:\/\/www.hypertera.com\/index.php?rest_route=%2Fwp%2Fv2%2Fproduct_brand&post=1277"},{"taxonomy":"product_cat","embeddable":true,"href":"https:\/\/www.hypertera.com\/index.php?rest_route=%2Fwp%2Fv2%2Fproduct_cat&post=1277"},{"taxonomy":"product_tag","embeddable":true,"href":"https:\/\/www.hypertera.com\/index.php?rest_route=%2Fwp%2Fv2%2Fproduct_tag&post=1277"}],"curies":[{"name":"wp","href":"https:\/\/api.w.org\/{rel}","templated":true}]}}