{"id":127,"date":"2022-07-21T13:39:53","date_gmt":"2022-07-21T13:39:53","guid":{"rendered":"https:\/\/www.hypertera.com\/?product=avolehtio-a4-70-sivua-ruudutettu"},"modified":"2022-07-21T13:40:33","modified_gmt":"2022-07-21T13:40:33","slug":"avolehtio-a4-70-sivua-ruudutettu","status":"publish","type":"product","link":"https:\/\/www.hypertera.com\/?product=avolehtio-a4-70-sivua-ruudutettu","title":{"rendered":"Avolehti\u00f6, A4, 70 sivua, ruudutettu"},"content":{"rendered":"<p>K\u00e4yt\u00e4nn\u00f6llinen avolehti\u00f6. Vahvistettu kansilehti ja taustana vahva pahvilevy. Liimasidonta yl\u00e4reunassa. Sivut on helppo rep\u00e4ist\u00e4 irti. Rei&#39;itys papereiden arkistoimiseksi kansiooon. Laadukas valkoinen paperi. Ruudutettu.<\/p>\n","protected":false},"excerpt":{"rendered":"<p>F-Office Avolehti\u00f6<\/p>\n","protected":false},"featured_media":128,"comment_status":"closed","ping_status":"closed","template":"","meta":[],"product_brand":[],"product_cat":[85,84,30,16],"product_tag":[86],"class_list":{"0":"post-127","1":"product","2":"type-product","3":"status-publish","4":"has-post-thumbnail","6":"product_cat-avolehtiot","7":"product_cat-lehtiot-ja-vihkot","8":"product_cat-toimistotarvikkeet","9":"product_cat-tuotteet","10":"product_tag-avolehtiot","12":"first","13":"instock","14":"purchasable","15":"product-type-simple"},"jetpack_sharing_enabled":true,"_links":{"self":[{"href":"https:\/\/www.hypertera.com\/index.php?rest_route=\/wp\/v2\/product\/127","targetHints":{"allow":["GET"]}}],"collection":[{"href":"https:\/\/www.hypertera.com\/index.php?rest_route=\/wp\/v2\/product"}],"about":[{"href":"https:\/\/www.hypertera.com\/index.php?rest_route=\/wp\/v2\/types\/product"}],"replies":[{"embeddable":true,"href":"https:\/\/www.hypertera.com\/index.php?rest_route=%2Fwp%2Fv2%2Fcomments&post=127"}],"wp:featuredmedia":[{"embeddable":true,"href":"https:\/\/www.hypertera.com\/index.php?rest_route=\/wp\/v2\/media\/128"}],"wp:attachment":[{"href":"https:\/\/www.hypertera.com\/index.php?rest_route=%2Fwp%2Fv2%2Fmedia&parent=127"}],"wp:term":[{"taxonomy":"product_brand","embeddable":true,"href":"https:\/\/www.hypertera.com\/index.php?rest_route=%2Fwp%2Fv2%2Fproduct_brand&post=127"},{"taxonomy":"product_cat","embeddable":true,"href":"https:\/\/www.hypertera.com\/index.php?rest_route=%2Fwp%2Fv2%2Fproduct_cat&post=127"},{"taxonomy":"product_tag","embeddable":true,"href":"https:\/\/www.hypertera.com\/index.php?rest_route=%2Fwp%2Fv2%2Fproduct_tag&post=127"}],"curies":[{"name":"wp","href":"https:\/\/api.w.org\/{rel}","templated":true}]}}