{"id":1265,"date":"2022-07-21T14:40:56","date_gmt":"2022-07-21T14:40:56","guid":{"rendered":"https:\/\/www.hypertera.com\/?product=kylpyhuonematto-50x80-ruskea-harmaa"},"modified":"2022-07-21T14:41:29","modified_gmt":"2022-07-21T14:41:29","slug":"kylpyhuonematto-50x80-ruskea-harmaa","status":"publish","type":"product","link":"https:\/\/www.hypertera.com\/?product=kylpyhuonematto-50x80-ruskea-harmaa","title":{"rendered":"Kylpyhuonematto, 50&#215;80, ruskea-harmaa"},"content":{"rendered":"<p>Pehme\u00e4 matto esimerkiksi kylpyhuoneeseen tai WC-tiloihin. Maton koko 50 x 80 cm. Konepest\u00e4v\u00e4 40 Celsius-asteessa (HUOM! v\u00e4ri\u00e4 voi irrota ensimm\u00e4isell\u00e4 pesukerralla)<\/p>\n","protected":false},"excerpt":{"rendered":"<p>50&#215;80 ruskea-harmaa Kylpyhuonematto<\/p>\n","protected":false},"featured_media":1266,"comment_status":"closed","ping_status":"closed","template":"","meta":[],"product_brand":[],"product_cat":[15],"product_tag":[391],"class_list":{"0":"post-1265","1":"product","2":"type-product","3":"status-publish","4":"has-post-thumbnail","6":"product_cat-uncategorized","7":"product_tag-kylpyhuonematot","9":"first","10":"instock","11":"purchasable","12":"product-type-simple"},"jetpack_sharing_enabled":true,"_links":{"self":[{"href":"https:\/\/www.hypertera.com\/index.php?rest_route=\/wp\/v2\/product\/1265","targetHints":{"allow":["GET"]}}],"collection":[{"href":"https:\/\/www.hypertera.com\/index.php?rest_route=\/wp\/v2\/product"}],"about":[{"href":"https:\/\/www.hypertera.com\/index.php?rest_route=\/wp\/v2\/types\/product"}],"replies":[{"embeddable":true,"href":"https:\/\/www.hypertera.com\/index.php?rest_route=%2Fwp%2Fv2%2Fcomments&post=1265"}],"wp:featuredmedia":[{"embeddable":true,"href":"https:\/\/www.hypertera.com\/index.php?rest_route=\/wp\/v2\/media\/1266"}],"wp:attachment":[{"href":"https:\/\/www.hypertera.com\/index.php?rest_route=%2Fwp%2Fv2%2Fmedia&parent=1265"}],"wp:term":[{"taxonomy":"product_brand","embeddable":true,"href":"https:\/\/www.hypertera.com\/index.php?rest_route=%2Fwp%2Fv2%2Fproduct_brand&post=1265"},{"taxonomy":"product_cat","embeddable":true,"href":"https:\/\/www.hypertera.com\/index.php?rest_route=%2Fwp%2Fv2%2Fproduct_cat&post=1265"},{"taxonomy":"product_tag","embeddable":true,"href":"https:\/\/www.hypertera.com\/index.php?rest_route=%2Fwp%2Fv2%2Fproduct_tag&post=1265"}],"curies":[{"name":"wp","href":"https:\/\/api.w.org\/{rel}","templated":true}]}}