{"id":1260,"date":"2022-07-21T14:40:56","date_gmt":"2022-07-21T14:40:56","guid":{"rendered":"https:\/\/www.hypertera.com\/?product=kylpyharja-biobasic"},"modified":"2022-07-21T14:41:10","modified_gmt":"2022-07-21T14:41:10","slug":"kylpyharja-biobasic","status":"publish","type":"product","link":"https:\/\/www.hypertera.com\/?product=kylpyharja-biobasic","title":{"rendered":"Kylpyharja, BioBasic"},"content":{"rendered":"<p>Kotimainen. Varsi kotimaista koivua, joka on k\u00e4sitelty myrkytt\u00f6m\u00e4ll\u00e4 luonnonlasuurilla vett\u00e4- ja likaahylkiv\u00e4ksi. Harjastus valkokuitua. Valkokuitu on agave-heimoon kuuluvan kasvin lehtikuitu. Lehtikuitu kest\u00e4\u00e4 hyvin kuumaa vett\u00e4 ja pesuaineita. Luonnonkuidun ansiosta harja on kest\u00e4v\u00e4 ja pitk\u00e4ik\u00e4inen. Soveltuu my\u00f6s vaateharjaksi ja kuivaharjaukseen.    Saatavilla vaalealla sek\u00e4 vihre\u00e4ll\u00e4 varrella.<\/p>\n","protected":false},"excerpt":{"rendered":"<p>Kotimainen. Varsi kotimaista koivua, joka on k\u00e4sitelty myrkytt\u00f6m\u00e4ll\u00e4 luonnonlasuurilla vett\u00e4- ja likaahylkiv\u00e4ksi. Harjastus valkokuitua. Valkokuitu on agave-heimoon kuuluvan kasvin lehtikuitu. Lehtikuitu kest\u00e4\u00e4 hyvin kuumaa vett\u00e4 ja pesuaineita. Luonnonkuidun ansiosta harja on kest\u00e4v\u00e4 ja pitk\u00e4ik\u00e4inen. Soveltuu my\u00f6s vaateharjaksi ja kuivaharjaukseen. Saatavilla vaalealla sek\u00e4 vihre\u00e4ll\u00e4 varrella.<\/p>\n","protected":false},"featured_media":0,"comment_status":"closed","ping_status":"closed","template":"","meta":[],"product_brand":[],"product_cat":[15],"product_tag":[390],"class_list":{"0":"post-1260","1":"product","2":"type-product","3":"status-publish","5":"product_cat-uncategorized","6":"product_tag-kylpyharjat","8":"first","9":"instock","10":"purchasable","11":"product-type-simple"},"jetpack_sharing_enabled":true,"_links":{"self":[{"href":"https:\/\/www.hypertera.com\/index.php?rest_route=\/wp\/v2\/product\/1260","targetHints":{"allow":["GET"]}}],"collection":[{"href":"https:\/\/www.hypertera.com\/index.php?rest_route=\/wp\/v2\/product"}],"about":[{"href":"https:\/\/www.hypertera.com\/index.php?rest_route=\/wp\/v2\/types\/product"}],"replies":[{"embeddable":true,"href":"https:\/\/www.hypertera.com\/index.php?rest_route=%2Fwp%2Fv2%2Fcomments&post=1260"}],"wp:attachment":[{"href":"https:\/\/www.hypertera.com\/index.php?rest_route=%2Fwp%2Fv2%2Fmedia&parent=1260"}],"wp:term":[{"taxonomy":"product_brand","embeddable":true,"href":"https:\/\/www.hypertera.com\/index.php?rest_route=%2Fwp%2Fv2%2Fproduct_brand&post=1260"},{"taxonomy":"product_cat","embeddable":true,"href":"https:\/\/www.hypertera.com\/index.php?rest_route=%2Fwp%2Fv2%2Fproduct_cat&post=1260"},{"taxonomy":"product_tag","embeddable":true,"href":"https:\/\/www.hypertera.com\/index.php?rest_route=%2Fwp%2Fv2%2Fproduct_tag&post=1260"}],"curies":[{"name":"wp","href":"https:\/\/api.w.org\/{rel}","templated":true}]}}