{"id":1258,"date":"2022-07-21T14:40:56","date_gmt":"2022-07-21T14:40:56","guid":{"rendered":"https:\/\/www.hypertera.com\/?product=kuvioidut-sukkahousut-36-40-70den-musta-nilkassa-perhonen"},"modified":"2022-07-21T14:40:57","modified_gmt":"2022-07-21T14:40:57","slug":"kuvioidut-sukkahousut-36-40-70den-musta-nilkassa-perhonen","status":"publish","type":"product","link":"https:\/\/www.hypertera.com\/?product=kuvioidut-sukkahousut-36-40-70den-musta-nilkassa-perhonen","title":{"rendered":"Kuvioidut sukkahousut, 36-40, 70den, musta, nilkassa perhonen"},"content":{"rendered":"<p>Kuvioidut sukkahousut perhoskuviolla s\u00e4\u00e4ress\u00e4. Koko 36-40. Sile\u00e4 pinta ja tukeva vy\u00f6t\u00e4r\u00f6. Paksuus 70 denieri\u00e4.<\/p>\n","protected":false},"excerpt":{"rendered":"<p>Sukkahousut perhoskuvioilla (36-40)<\/p>\n","protected":false},"featured_media":1259,"comment_status":"closed","ping_status":"closed","template":"","meta":[],"product_brand":[],"product_cat":[15],"product_tag":[389],"class_list":{"0":"post-1258","1":"product","2":"type-product","3":"status-publish","4":"has-post-thumbnail","6":"product_cat-uncategorized","7":"product_tag-kuvioidut-sukkahousut","9":"first","10":"instock","11":"purchasable","12":"product-type-simple"},"jetpack_sharing_enabled":true,"_links":{"self":[{"href":"https:\/\/www.hypertera.com\/index.php?rest_route=\/wp\/v2\/product\/1258","targetHints":{"allow":["GET"]}}],"collection":[{"href":"https:\/\/www.hypertera.com\/index.php?rest_route=\/wp\/v2\/product"}],"about":[{"href":"https:\/\/www.hypertera.com\/index.php?rest_route=\/wp\/v2\/types\/product"}],"replies":[{"embeddable":true,"href":"https:\/\/www.hypertera.com\/index.php?rest_route=%2Fwp%2Fv2%2Fcomments&post=1258"}],"wp:featuredmedia":[{"embeddable":true,"href":"https:\/\/www.hypertera.com\/index.php?rest_route=\/wp\/v2\/media\/1259"}],"wp:attachment":[{"href":"https:\/\/www.hypertera.com\/index.php?rest_route=%2Fwp%2Fv2%2Fmedia&parent=1258"}],"wp:term":[{"taxonomy":"product_brand","embeddable":true,"href":"https:\/\/www.hypertera.com\/index.php?rest_route=%2Fwp%2Fv2%2Fproduct_brand&post=1258"},{"taxonomy":"product_cat","embeddable":true,"href":"https:\/\/www.hypertera.com\/index.php?rest_route=%2Fwp%2Fv2%2Fproduct_cat&post=1258"},{"taxonomy":"product_tag","embeddable":true,"href":"https:\/\/www.hypertera.com\/index.php?rest_route=%2Fwp%2Fv2%2Fproduct_tag&post=1258"}],"curies":[{"name":"wp","href":"https:\/\/api.w.org\/{rel}","templated":true}]}}