{"id":1246,"date":"2022-07-21T14:40:13","date_gmt":"2022-07-21T14:40:13","guid":{"rendered":"https:\/\/www.hypertera.com\/?product=kuvausheijastin-linkstar-reflector-5-in-1-fr-71112w-71x112-cm"},"modified":"2022-07-21T14:40:18","modified_gmt":"2022-07-21T14:40:18","slug":"kuvausheijastin-linkstar-reflector-5-in-1-fr-71112w-71x112-cm","status":"publish","type":"product","link":"https:\/\/www.hypertera.com\/?product=kuvausheijastin-linkstar-reflector-5-in-1-fr-71112w-71x112-cm","title":{"rendered":"Kuvausheijastin, Linkstar, Reflector 5 in 1 fr-71112w 71&#215;112 cm"},"content":{"rendered":"<p>K\u00e4yt\u00e4nn\u00f6llisen muotoinen heijastin (71&#215;112 cm), jossa on mukana 5 erilaista pintaa: kulta, hopea, l\u00e4mmin valkoinen, l\u00e4pikuultava valkoinen. Avaa vetoketju ja ota haluamasi heijastuspinta esiin. Voit my\u00f6s taittaa heijastuspinnan pienemm\u00e4ksi mukana kuljetettavaksi. Mukana tulee my\u00f6s kuljetuspussi.<\/p>\n","protected":false},"excerpt":{"rendered":"<p>Linkstar Reflector 5 in 1 fr-71112w Kuvausheijastin<\/p>\n","protected":false},"featured_media":1247,"comment_status":"closed","ping_status":"closed","template":"","meta":[],"product_brand":[],"product_cat":[15],"product_tag":[387],"class_list":{"0":"post-1246","1":"product","2":"type-product","3":"status-publish","4":"has-post-thumbnail","6":"product_cat-uncategorized","7":"product_tag-kuvausheijastimet","9":"first","10":"instock","11":"purchasable","12":"product-type-simple"},"jetpack_sharing_enabled":true,"_links":{"self":[{"href":"https:\/\/www.hypertera.com\/index.php?rest_route=\/wp\/v2\/product\/1246","targetHints":{"allow":["GET"]}}],"collection":[{"href":"https:\/\/www.hypertera.com\/index.php?rest_route=\/wp\/v2\/product"}],"about":[{"href":"https:\/\/www.hypertera.com\/index.php?rest_route=\/wp\/v2\/types\/product"}],"replies":[{"embeddable":true,"href":"https:\/\/www.hypertera.com\/index.php?rest_route=%2Fwp%2Fv2%2Fcomments&post=1246"}],"wp:featuredmedia":[{"embeddable":true,"href":"https:\/\/www.hypertera.com\/index.php?rest_route=\/wp\/v2\/media\/1247"}],"wp:attachment":[{"href":"https:\/\/www.hypertera.com\/index.php?rest_route=%2Fwp%2Fv2%2Fmedia&parent=1246"}],"wp:term":[{"taxonomy":"product_brand","embeddable":true,"href":"https:\/\/www.hypertera.com\/index.php?rest_route=%2Fwp%2Fv2%2Fproduct_brand&post=1246"},{"taxonomy":"product_cat","embeddable":true,"href":"https:\/\/www.hypertera.com\/index.php?rest_route=%2Fwp%2Fv2%2Fproduct_cat&post=1246"},{"taxonomy":"product_tag","embeddable":true,"href":"https:\/\/www.hypertera.com\/index.php?rest_route=%2Fwp%2Fv2%2Fproduct_tag&post=1246"}],"curies":[{"name":"wp","href":"https:\/\/api.w.org\/{rel}","templated":true}]}}