{"id":1244,"date":"2022-07-21T14:40:13","date_gmt":"2022-07-21T14:40:13","guid":{"rendered":"https:\/\/www.hypertera.com\/?product=kuumajuomapikari-bioware-250ml-1-pss-50"},"modified":"2022-07-21T14:40:17","modified_gmt":"2022-07-21T14:40:17","slug":"kuumajuomapikari-bioware-250ml-1-pss-50","status":"publish","type":"product","link":"https:\/\/www.hypertera.com\/?product=kuumajuomapikari-bioware-250ml-1-pss-50","title":{"rendered":"Kuumajuomapikari, Bioware, 250ml, 1 pss\/50"},"content":{"rendered":"<p>Kaikki Bioware tuotteet on valmistettu uusiutuvista luonnon materiaaleista ja sen ansiosta ne maatuvat t\u00e4ysin teollisissa kompostointiolosuhteissa. Bioware astiat voidaan k\u00e4yt\u00f6n j\u00e4lkeen laittaa samoihin j\u00e4teastioihin kuin ruoant\u00e4hteet. Helppoa ja kustannustehokasta!    Bioware tuotteet sopivat erinomaisesti ulkoilmatapahtumiin, suuriin yleis\u00f6tapahtumiin, pitopalveluille sek\u00e4 my\u00f6s toki p\u00e4ivitt\u00e4iseen ruoka- ja juomatarjoiluun.<\/p>\n","protected":false},"excerpt":{"rendered":"<p>Kaikki Bioware tuotteet on valmistettu uusiutuvista luonnon materiaaleista ja sen ansiosta ne maatuvat t\u00e4ysin teollisissa kompostointiolosuhteissa. Bioware astiat voidaan k\u00e4yt\u00f6n j\u00e4lkeen laittaa samoihin j\u00e4teastioihin kuin ruoant\u00e4hteet. Helppoa ja kustannustehokasta! Bioware tuotteet sopivat erinomaisesti ulkoilmatapahtumiin, suuriin yleis\u00f6tapahtumiin, pitopalveluille sek\u00e4 my\u00f6s toki p\u00e4ivitt\u00e4iseen ruoka- ja juomatarjoiluun.<\/p>\n","protected":false},"featured_media":1245,"comment_status":"closed","ping_status":"closed","template":"","meta":[],"product_brand":[],"product_cat":[15],"product_tag":[254],"class_list":{"0":"post-1244","1":"product","2":"type-product","3":"status-publish","4":"has-post-thumbnail","6":"product_cat-uncategorized","7":"product_tag-kartonkipikarit","9":"first","10":"instock","11":"purchasable","12":"product-type-simple"},"jetpack_sharing_enabled":true,"_links":{"self":[{"href":"https:\/\/www.hypertera.com\/index.php?rest_route=\/wp\/v2\/product\/1244","targetHints":{"allow":["GET"]}}],"collection":[{"href":"https:\/\/www.hypertera.com\/index.php?rest_route=\/wp\/v2\/product"}],"about":[{"href":"https:\/\/www.hypertera.com\/index.php?rest_route=\/wp\/v2\/types\/product"}],"replies":[{"embeddable":true,"href":"https:\/\/www.hypertera.com\/index.php?rest_route=%2Fwp%2Fv2%2Fcomments&post=1244"}],"wp:featuredmedia":[{"embeddable":true,"href":"https:\/\/www.hypertera.com\/index.php?rest_route=\/wp\/v2\/media\/1245"}],"wp:attachment":[{"href":"https:\/\/www.hypertera.com\/index.php?rest_route=%2Fwp%2Fv2%2Fmedia&parent=1244"}],"wp:term":[{"taxonomy":"product_brand","embeddable":true,"href":"https:\/\/www.hypertera.com\/index.php?rest_route=%2Fwp%2Fv2%2Fproduct_brand&post=1244"},{"taxonomy":"product_cat","embeddable":true,"href":"https:\/\/www.hypertera.com\/index.php?rest_route=%2Fwp%2Fv2%2Fproduct_cat&post=1244"},{"taxonomy":"product_tag","embeddable":true,"href":"https:\/\/www.hypertera.com\/index.php?rest_route=%2Fwp%2Fv2%2Fproduct_tag&post=1244"}],"curies":[{"name":"wp","href":"https:\/\/api.w.org\/{rel}","templated":true}]}}