{"id":1240,"date":"2022-07-21T14:40:13","date_gmt":"2022-07-21T14:40:13","guid":{"rendered":"https:\/\/www.hypertera.com\/?product=kuulamustekyna-pilot-tecpoint-vr5-punainen"},"modified":"2022-07-21T14:40:14","modified_gmt":"2022-07-21T14:40:14","slug":"kuulamustekyna-pilot-tecpoint-vr5-punainen","status":"publish","type":"product","link":"https:\/\/www.hypertera.com\/?product=kuulamustekyna-pilot-tecpoint-vr5-punainen","title":{"rendered":"Kuulamustekyn\u00e4, Pilot Tecpoint VR5, punainen"},"content":{"rendered":"<p>Kyn\u00e4ss\u00e4 on patentointu k\u00e4rkitekniikka, jonka ansiosta muste juoksee pehme\u00e4sti. K\u00e4rki ruostumatonta ter\u00e4st\u00e4, leveys 0.5 mm. Viivan leveys 0.25 mm. Metalliklipsi.<\/p>\n","protected":false},"excerpt":{"rendered":"<p>Kyn\u00e4ss\u00e4 on patentointu k\u00e4rkitekniikka, jonka ansiosta muste juoksee pehme\u00e4sti. K\u00e4rki ruostumatonta ter\u00e4st\u00e4, leveys 0.5 mm. Viivan leveys 0.25 mm. Metalliklipsi.<\/p>\n","protected":false},"featured_media":1241,"comment_status":"closed","ping_status":"closed","template":"","meta":[],"product_brand":[],"product_cat":[384,56,30,16],"product_tag":[386],"class_list":{"0":"post-1240","1":"product","2":"type-product","3":"status-publish","4":"has-post-thumbnail","6":"product_cat-kuulamustekynat-kynat","7":"product_cat-kynat","8":"product_cat-toimistotarvikkeet","9":"product_cat-tuotteet","10":"product_tag-kuulamustekynat","12":"first","13":"instock","14":"purchasable","15":"product-type-simple"},"jetpack_sharing_enabled":true,"_links":{"self":[{"href":"https:\/\/www.hypertera.com\/index.php?rest_route=\/wp\/v2\/product\/1240","targetHints":{"allow":["GET"]}}],"collection":[{"href":"https:\/\/www.hypertera.com\/index.php?rest_route=\/wp\/v2\/product"}],"about":[{"href":"https:\/\/www.hypertera.com\/index.php?rest_route=\/wp\/v2\/types\/product"}],"replies":[{"embeddable":true,"href":"https:\/\/www.hypertera.com\/index.php?rest_route=%2Fwp%2Fv2%2Fcomments&post=1240"}],"wp:featuredmedia":[{"embeddable":true,"href":"https:\/\/www.hypertera.com\/index.php?rest_route=\/wp\/v2\/media\/1241"}],"wp:attachment":[{"href":"https:\/\/www.hypertera.com\/index.php?rest_route=%2Fwp%2Fv2%2Fmedia&parent=1240"}],"wp:term":[{"taxonomy":"product_brand","embeddable":true,"href":"https:\/\/www.hypertera.com\/index.php?rest_route=%2Fwp%2Fv2%2Fproduct_brand&post=1240"},{"taxonomy":"product_cat","embeddable":true,"href":"https:\/\/www.hypertera.com\/index.php?rest_route=%2Fwp%2Fv2%2Fproduct_cat&post=1240"},{"taxonomy":"product_tag","embeddable":true,"href":"https:\/\/www.hypertera.com\/index.php?rest_route=%2Fwp%2Fv2%2Fproduct_tag&post=1240"}],"curies":[{"name":"wp","href":"https:\/\/api.w.org\/{rel}","templated":true}]}}