{"id":1228,"date":"2022-07-21T14:40:05","date_gmt":"2022-07-21T14:40:05","guid":{"rendered":"https:\/\/www.hypertera.com\/?product=kuulakyna-senator-2866-kromi-sininen"},"modified":"2022-07-21T14:40:05","modified_gmt":"2022-07-21T14:40:05","slug":"kuulakyna-senator-2866-kromi-sininen","status":"publish","type":"product","link":"https:\/\/www.hypertera.com\/?product=kuulakyna-senator-2866-kromi-sininen","title":{"rendered":"Kuulakyn\u00e4, Senator 2866, kromi\/sininen"},"content":{"rendered":"<p>Kromattu yl\u00e4osa, alaosa v\u00e4rillist\u00e4 muovia. Metalliklipsi ja -k\u00e4rki. Sininen muste.<\/p>\n","protected":false},"excerpt":{"rendered":"<p>Kromattu yl\u00e4osa, alaosa v\u00e4rillist\u00e4 muovia. Metalliklipsi ja -k\u00e4rki. Sininen muste.<\/p>\n","protected":false},"featured_media":1229,"comment_status":"closed","ping_status":"closed","template":"","meta":[],"product_brand":[],"product_cat":[384,56,30,16],"product_tag":[385],"class_list":{"0":"post-1228","1":"product","2":"type-product","3":"status-publish","4":"has-post-thumbnail","6":"product_cat-kuulamustekynat-kynat","7":"product_cat-kynat","8":"product_cat-toimistotarvikkeet","9":"product_cat-tuotteet","10":"product_tag-kuulakynat","12":"first","13":"instock","14":"purchasable","15":"product-type-simple"},"jetpack_sharing_enabled":true,"_links":{"self":[{"href":"https:\/\/www.hypertera.com\/index.php?rest_route=\/wp\/v2\/product\/1228","targetHints":{"allow":["GET"]}}],"collection":[{"href":"https:\/\/www.hypertera.com\/index.php?rest_route=\/wp\/v2\/product"}],"about":[{"href":"https:\/\/www.hypertera.com\/index.php?rest_route=\/wp\/v2\/types\/product"}],"replies":[{"embeddable":true,"href":"https:\/\/www.hypertera.com\/index.php?rest_route=%2Fwp%2Fv2%2Fcomments&post=1228"}],"wp:featuredmedia":[{"embeddable":true,"href":"https:\/\/www.hypertera.com\/index.php?rest_route=\/wp\/v2\/media\/1229"}],"wp:attachment":[{"href":"https:\/\/www.hypertera.com\/index.php?rest_route=%2Fwp%2Fv2%2Fmedia&parent=1228"}],"wp:term":[{"taxonomy":"product_brand","embeddable":true,"href":"https:\/\/www.hypertera.com\/index.php?rest_route=%2Fwp%2Fv2%2Fproduct_brand&post=1228"},{"taxonomy":"product_cat","embeddable":true,"href":"https:\/\/www.hypertera.com\/index.php?rest_route=%2Fwp%2Fv2%2Fproduct_cat&post=1228"},{"taxonomy":"product_tag","embeddable":true,"href":"https:\/\/www.hypertera.com\/index.php?rest_route=%2Fwp%2Fv2%2Fproduct_tag&post=1228"}],"curies":[{"name":"wp","href":"https:\/\/api.w.org\/{rel}","templated":true}]}}