{"id":1222,"date":"2022-07-21T14:39:34","date_gmt":"2022-07-21T14:39:34","guid":{"rendered":"https:\/\/www.hypertera.com\/?product=kuulakyna-puinen-kullanvariset-metalliosat"},"modified":"2022-07-21T14:39:46","modified_gmt":"2022-07-21T14:39:46","slug":"kuulakyna-puinen-kullanvariset-metalliosat","status":"publish","type":"product","link":"https:\/\/www.hypertera.com\/?product=kuulakyna-puinen-kullanvariset-metalliosat","title":{"rendered":"Kuulakyn\u00e4, puinen, kullanv\u00e4riset metalliosat"},"content":{"rendered":"<p>Arvokkaan n\u00e4k\u00f6inen puinen kuulakyn\u00e4. Kullanv\u00e4riset metalliosat.<\/p>\n","protected":false},"excerpt":{"rendered":"<p>Arvokkaan n\u00e4k\u00f6inen puinen kuulakyn\u00e4. Kullanv\u00e4riset metalliosat.<\/p>\n","protected":false},"featured_media":1223,"comment_status":"closed","ping_status":"closed","template":"","meta":[],"product_brand":[],"product_cat":[15],"product_tag":[142],"class_list":{"0":"post-1222","1":"product","2":"type-product","3":"status-publish","4":"has-post-thumbnail","6":"product_cat-uncategorized","7":"product_tag-arvokynat","9":"first","10":"instock","11":"purchasable","12":"product-type-simple"},"jetpack_sharing_enabled":true,"_links":{"self":[{"href":"https:\/\/www.hypertera.com\/index.php?rest_route=\/wp\/v2\/product\/1222","targetHints":{"allow":["GET"]}}],"collection":[{"href":"https:\/\/www.hypertera.com\/index.php?rest_route=\/wp\/v2\/product"}],"about":[{"href":"https:\/\/www.hypertera.com\/index.php?rest_route=\/wp\/v2\/types\/product"}],"replies":[{"embeddable":true,"href":"https:\/\/www.hypertera.com\/index.php?rest_route=%2Fwp%2Fv2%2Fcomments&post=1222"}],"wp:featuredmedia":[{"embeddable":true,"href":"https:\/\/www.hypertera.com\/index.php?rest_route=\/wp\/v2\/media\/1223"}],"wp:attachment":[{"href":"https:\/\/www.hypertera.com\/index.php?rest_route=%2Fwp%2Fv2%2Fmedia&parent=1222"}],"wp:term":[{"taxonomy":"product_brand","embeddable":true,"href":"https:\/\/www.hypertera.com\/index.php?rest_route=%2Fwp%2Fv2%2Fproduct_brand&post=1222"},{"taxonomy":"product_cat","embeddable":true,"href":"https:\/\/www.hypertera.com\/index.php?rest_route=%2Fwp%2Fv2%2Fproduct_cat&post=1222"},{"taxonomy":"product_tag","embeddable":true,"href":"https:\/\/www.hypertera.com\/index.php?rest_route=%2Fwp%2Fv2%2Fproduct_tag&post=1222"}],"curies":[{"name":"wp","href":"https:\/\/api.w.org\/{rel}","templated":true}]}}