{"id":1220,"date":"2022-07-21T14:39:34","date_gmt":"2022-07-21T14:39:34","guid":{"rendered":"https:\/\/www.hypertera.com\/?product=kuulakyna-premium-paris"},"modified":"2022-07-21T14:39:38","modified_gmt":"2022-07-21T14:39:38","slug":"kuulakyna-premium-paris","status":"publish","type":"product","link":"https:\/\/www.hypertera.com\/?product=kuulakyna-premium-paris","title":{"rendered":"Kuulakyn\u00e4, Premium Paris"},"content":{"rendered":"<p>Kapea musta runko kullanv\u00e4risill\u00e4 metalliosilla. K\u00e4\u00e4nt\u00f6mekanismi. K\u00e4rjen paksuus 0.7 mm. Yksitt\u00e4ispakattu.<\/p>\n","protected":false},"excerpt":{"rendered":"<p>Premium Paris Kuulakyn\u00e4<\/p>\n","protected":false},"featured_media":1221,"comment_status":"closed","ping_status":"closed","template":"","meta":[],"product_brand":[],"product_cat":[384,56,30,16],"product_tag":[385],"class_list":{"0":"post-1220","1":"product","2":"type-product","3":"status-publish","4":"has-post-thumbnail","6":"product_cat-kuulamustekynat-kynat","7":"product_cat-kynat","8":"product_cat-toimistotarvikkeet","9":"product_cat-tuotteet","10":"product_tag-kuulakynat","12":"first","13":"instock","14":"purchasable","15":"product-type-simple"},"jetpack_sharing_enabled":true,"_links":{"self":[{"href":"https:\/\/www.hypertera.com\/index.php?rest_route=\/wp\/v2\/product\/1220","targetHints":{"allow":["GET"]}}],"collection":[{"href":"https:\/\/www.hypertera.com\/index.php?rest_route=\/wp\/v2\/product"}],"about":[{"href":"https:\/\/www.hypertera.com\/index.php?rest_route=\/wp\/v2\/types\/product"}],"replies":[{"embeddable":true,"href":"https:\/\/www.hypertera.com\/index.php?rest_route=%2Fwp%2Fv2%2Fcomments&post=1220"}],"wp:featuredmedia":[{"embeddable":true,"href":"https:\/\/www.hypertera.com\/index.php?rest_route=\/wp\/v2\/media\/1221"}],"wp:attachment":[{"href":"https:\/\/www.hypertera.com\/index.php?rest_route=%2Fwp%2Fv2%2Fmedia&parent=1220"}],"wp:term":[{"taxonomy":"product_brand","embeddable":true,"href":"https:\/\/www.hypertera.com\/index.php?rest_route=%2Fwp%2Fv2%2Fproduct_brand&post=1220"},{"taxonomy":"product_cat","embeddable":true,"href":"https:\/\/www.hypertera.com\/index.php?rest_route=%2Fwp%2Fv2%2Fproduct_cat&post=1220"},{"taxonomy":"product_tag","embeddable":true,"href":"https:\/\/www.hypertera.com\/index.php?rest_route=%2Fwp%2Fv2%2Fproduct_tag&post=1220"}],"curies":[{"name":"wp","href":"https:\/\/api.w.org\/{rel}","templated":true}]}}