{"id":1204,"date":"2022-07-21T14:39:09","date_gmt":"2022-07-21T14:39:09","guid":{"rendered":"https:\/\/www.hypertera.com\/?product=kuulakyna-pilot-frixion-f-musta"},"modified":"2022-07-21T14:39:17","modified_gmt":"2022-07-21T14:39:17","slug":"kuulakyna-pilot-frixion-f-musta","status":"publish","type":"product","link":"https:\/\/www.hypertera.com\/?product=kuulakyna-pilot-frixion-f-musta","title":{"rendered":"Kuulakyn\u00e4, Pilot Frixion, F, musta"},"content":{"rendered":"<p>Musteen voi pyyhki\u00e4 pois kyn\u00e4n toisessa p\u00e4\u00e4ss\u00e4 olevalla kumilla pitk\u00e4nkin ajan kuluttua (jopa 2 vuotta). P\u00e4\u00e4lle voi kirjoittaa heti. Muste kyn\u00e4n rungon v\u00e4rinen. K\u00e4rjen leveys 0.7 mm, viivan leveys 0.35 mm.<\/p>\n","protected":false},"excerpt":{"rendered":"<p>Musteen voi pyyhki\u00e4 pois kyn\u00e4n toisessa p\u00e4\u00e4ss\u00e4 olevalla kumilla pitk\u00e4nkin ajan kuluttua (jopa 2 vuotta). P\u00e4\u00e4lle voi kirjoittaa heti. Muste kyn\u00e4n rungon v\u00e4rinen. K\u00e4rjen leveys 0.7 mm, viivan leveys 0.35 mm.<\/p>\n","protected":false},"featured_media":1205,"comment_status":"closed","ping_status":"closed","template":"","meta":[],"product_brand":[],"product_cat":[384,56,30,16],"product_tag":[385],"class_list":{"0":"post-1204","1":"product","2":"type-product","3":"status-publish","4":"has-post-thumbnail","6":"product_cat-kuulamustekynat-kynat","7":"product_cat-kynat","8":"product_cat-toimistotarvikkeet","9":"product_cat-tuotteet","10":"product_tag-kuulakynat","12":"first","13":"instock","14":"purchasable","15":"product-type-simple"},"jetpack_sharing_enabled":true,"_links":{"self":[{"href":"https:\/\/www.hypertera.com\/index.php?rest_route=\/wp\/v2\/product\/1204","targetHints":{"allow":["GET"]}}],"collection":[{"href":"https:\/\/www.hypertera.com\/index.php?rest_route=\/wp\/v2\/product"}],"about":[{"href":"https:\/\/www.hypertera.com\/index.php?rest_route=\/wp\/v2\/types\/product"}],"replies":[{"embeddable":true,"href":"https:\/\/www.hypertera.com\/index.php?rest_route=%2Fwp%2Fv2%2Fcomments&post=1204"}],"wp:featuredmedia":[{"embeddable":true,"href":"https:\/\/www.hypertera.com\/index.php?rest_route=\/wp\/v2\/media\/1205"}],"wp:attachment":[{"href":"https:\/\/www.hypertera.com\/index.php?rest_route=%2Fwp%2Fv2%2Fmedia&parent=1204"}],"wp:term":[{"taxonomy":"product_brand","embeddable":true,"href":"https:\/\/www.hypertera.com\/index.php?rest_route=%2Fwp%2Fv2%2Fproduct_brand&post=1204"},{"taxonomy":"product_cat","embeddable":true,"href":"https:\/\/www.hypertera.com\/index.php?rest_route=%2Fwp%2Fv2%2Fproduct_cat&post=1204"},{"taxonomy":"product_tag","embeddable":true,"href":"https:\/\/www.hypertera.com\/index.php?rest_route=%2Fwp%2Fv2%2Fproduct_tag&post=1204"}],"curies":[{"name":"wp","href":"https:\/\/api.w.org\/{rel}","templated":true}]}}