{"id":1198,"date":"2022-07-21T14:39:09","date_gmt":"2022-07-21T14:39:09","guid":{"rendered":"https:\/\/www.hypertera.com\/?product=kuulakyna-nyloe-925-hopeaa-painomekanismi-ohrantahkakuviointi"},"modified":"2022-07-21T14:39:09","modified_gmt":"2022-07-21T14:39:09","slug":"kuulakyna-nyloe-925-hopeaa-painomekanismi-ohrantahkakuviointi","status":"publish","type":"product","link":"https:\/\/www.hypertera.com\/?product=kuulakyna-nyloe-925-hopeaa-painomekanismi-ohrantahkakuviointi","title":{"rendered":"Kuulakyn\u00e4, Nyloe, 925 hopeaa, painomekanismi, ohrant\u00e4hk\u00e4kuviointi"},"content":{"rendered":"<p>Kuulakyn\u00e4 925-hopeaa. Kullatut yksityiskohdat. Kaunis ohrant\u00e4hk\u00e4kuviointi. Painonappimekanismi. Mustes\u00e4ili\u00f6 on vaihdettavissa uuteen standardis\u00e4ili\u00f6\u00f6n. 7.36 grammaa hopeaa (925). Valmistettu k\u00e4sity\u00f6n\u00e4 Italiassa. Kyn\u00e4n rungossa 925-hopean leima ja Italian hopeasepp\u00e4killan leima<\/p>\n","protected":false},"excerpt":{"rendered":"<p>Kuulakyn\u00e4 925-hopeaa. Kullatut yksityiskohdat. Kaunis ohrant\u00e4hk\u00e4kuviointi. Painonappimekanismi. Mustes\u00e4ili\u00f6 on vaihdettavissa uuteen standardis\u00e4ili\u00f6\u00f6n. 7.36 grammaa hopeaa (925). Valmistettu k\u00e4sity\u00f6n\u00e4 Italiassa. Kyn\u00e4n rungossa 925-hopean leima ja Italian hopeasepp\u00e4killan leima<\/p>\n","protected":false},"featured_media":1199,"comment_status":"closed","ping_status":"closed","template":"","meta":[],"product_brand":[],"product_cat":[15],"product_tag":[142],"class_list":{"0":"post-1198","1":"product","2":"type-product","3":"status-publish","4":"has-post-thumbnail","6":"product_cat-uncategorized","7":"product_tag-arvokynat","9":"first","10":"outofstock","11":"purchasable","12":"product-type-simple"},"jetpack_sharing_enabled":true,"_links":{"self":[{"href":"https:\/\/www.hypertera.com\/index.php?rest_route=\/wp\/v2\/product\/1198","targetHints":{"allow":["GET"]}}],"collection":[{"href":"https:\/\/www.hypertera.com\/index.php?rest_route=\/wp\/v2\/product"}],"about":[{"href":"https:\/\/www.hypertera.com\/index.php?rest_route=\/wp\/v2\/types\/product"}],"replies":[{"embeddable":true,"href":"https:\/\/www.hypertera.com\/index.php?rest_route=%2Fwp%2Fv2%2Fcomments&post=1198"}],"wp:featuredmedia":[{"embeddable":true,"href":"https:\/\/www.hypertera.com\/index.php?rest_route=\/wp\/v2\/media\/1199"}],"wp:attachment":[{"href":"https:\/\/www.hypertera.com\/index.php?rest_route=%2Fwp%2Fv2%2Fmedia&parent=1198"}],"wp:term":[{"taxonomy":"product_brand","embeddable":true,"href":"https:\/\/www.hypertera.com\/index.php?rest_route=%2Fwp%2Fv2%2Fproduct_brand&post=1198"},{"taxonomy":"product_cat","embeddable":true,"href":"https:\/\/www.hypertera.com\/index.php?rest_route=%2Fwp%2Fv2%2Fproduct_cat&post=1198"},{"taxonomy":"product_tag","embeddable":true,"href":"https:\/\/www.hypertera.com\/index.php?rest_route=%2Fwp%2Fv2%2Fproduct_tag&post=1198"}],"curies":[{"name":"wp","href":"https:\/\/api.w.org\/{rel}","templated":true}]}}