{"id":1190,"date":"2022-07-21T14:38:49","date_gmt":"2022-07-21T14:38:49","guid":{"rendered":"https:\/\/www.hypertera.com\/?product=kuulakyna-grifos-hydra-925-hopeaa-neliokaiverrus-kullatut-yksityiskohdat"},"modified":"2022-07-21T14:38:52","modified_gmt":"2022-07-21T14:38:52","slug":"kuulakyna-grifos-hydra-925-hopeaa-neliokaiverrus-kullatut-yksityiskohdat","status":"publish","type":"product","link":"https:\/\/www.hypertera.com\/?product=kuulakyna-grifos-hydra-925-hopeaa-neliokaiverrus-kullatut-yksityiskohdat","title":{"rendered":"Kuulakyn\u00e4, Grifos Hydra, 925 hopeaa, neli\u00f6kaiverrus, kullatut yksityiskohdat"},"content":{"rendered":"<p>Solid 925 silver slim ball pen silver &#038; 18 kt gold plated details cubic guilloche. 10 g of silver (925). Kuulakyn\u00e4 925-hopeaa. Yksityiskohdat on kullattu (18 k). Kaunis neli\u00f6kuviointi. Mustes\u00e4ili\u00f6 on vaihdettavissa standardis\u00e4ili\u00f6ll\u00e4. Alkuper\u00e4inen s\u00e4ili\u00f6 on kansainv\u00e4listen standardien mukainen, ja kuuluisan Schmidt Technologyn Saksassa valmistama. Kaunis Italian Aostanlaaksossa k\u00e4sity\u00f6n\u00e4 valmistettu arvokyn\u00e4. Kyn\u00e4ss\u00e4 on Italian hopeasepp\u00e4killan leima AO 28. Hopeaosiin on leimattu hopean kansainv\u00e4linen leima 925. 9.9 g hopeaa.<\/p>\n","protected":false},"excerpt":{"rendered":"<p>Solid 925 silver slim ball pen silver &#038; 18 kt gold plated details cubic guilloche. 10 g of silver (925). Kuulakyn\u00e4 925-hopeaa. Yksityiskohdat on kullattu (18 k). Kaunis neli\u00f6kuviointi. Mustes\u00e4ili\u00f6 on vaihdettavissa standardis\u00e4ili\u00f6ll\u00e4. Alkuper\u00e4inen s\u00e4ili\u00f6 on kansainv\u00e4listen standardien mukainen, ja kuuluisan Schmidt Technologyn Saksassa valmistama. Kaunis Italian Aostanlaaksossa k\u00e4sity\u00f6n\u00e4 valmistettu arvokyn\u00e4. Kyn\u00e4ss\u00e4 on Italian hopeasepp\u00e4killan [&hellip;]<\/p>\n","protected":false},"featured_media":1191,"comment_status":"closed","ping_status":"closed","template":"","meta":[],"product_brand":[],"product_cat":[15],"product_tag":[142],"class_list":{"0":"post-1190","1":"product","2":"type-product","3":"status-publish","4":"has-post-thumbnail","6":"product_cat-uncategorized","7":"product_tag-arvokynat","9":"first","10":"instock","11":"purchasable","12":"product-type-simple"},"jetpack_sharing_enabled":true,"_links":{"self":[{"href":"https:\/\/www.hypertera.com\/index.php?rest_route=\/wp\/v2\/product\/1190","targetHints":{"allow":["GET"]}}],"collection":[{"href":"https:\/\/www.hypertera.com\/index.php?rest_route=\/wp\/v2\/product"}],"about":[{"href":"https:\/\/www.hypertera.com\/index.php?rest_route=\/wp\/v2\/types\/product"}],"replies":[{"embeddable":true,"href":"https:\/\/www.hypertera.com\/index.php?rest_route=%2Fwp%2Fv2%2Fcomments&post=1190"}],"wp:featuredmedia":[{"embeddable":true,"href":"https:\/\/www.hypertera.com\/index.php?rest_route=\/wp\/v2\/media\/1191"}],"wp:attachment":[{"href":"https:\/\/www.hypertera.com\/index.php?rest_route=%2Fwp%2Fv2%2Fmedia&parent=1190"}],"wp:term":[{"taxonomy":"product_brand","embeddable":true,"href":"https:\/\/www.hypertera.com\/index.php?rest_route=%2Fwp%2Fv2%2Fproduct_brand&post=1190"},{"taxonomy":"product_cat","embeddable":true,"href":"https:\/\/www.hypertera.com\/index.php?rest_route=%2Fwp%2Fv2%2Fproduct_cat&post=1190"},{"taxonomy":"product_tag","embeddable":true,"href":"https:\/\/www.hypertera.com\/index.php?rest_route=%2Fwp%2Fv2%2Fproduct_tag&post=1190"}],"curies":[{"name":"wp","href":"https:\/\/api.w.org\/{rel}","templated":true}]}}