{"id":119,"date":"2022-07-21T13:39:53","date_gmt":"2022-07-21T13:39:53","guid":{"rendered":"https:\/\/www.hypertera.com\/?product=avaimenpera-ansmann-future-key-one-valaisin-musta"},"modified":"2022-07-21T13:40:22","modified_gmt":"2022-07-21T13:40:22","slug":"avaimenpera-ansmann-future-key-one-valaisin-musta","status":"publish","type":"product","link":"https:\/\/www.hypertera.com\/?product=avaimenpera-ansmann-future-key-one-valaisin-musta","title":{"rendered":"Avaimenper\u00e4, Ansmann Future Key One, valaisin, musta"},"content":{"rendered":"<p>3xLED white. Lamppu avaimenper\u00e4. Pakkaus si\u00e4lt\u00e4\u00e4 3 paristoa. Tehty laadukkaasta lentokonealumiinista, &quot;Future&quot; -sarjan valaisimet ovat Ansmannin luotettavia ty\u00f6hevosia joita k\u00e4ytet\u00e4\u00e4n monissa erilaissa teht\u00e4viss\u00e4. T\u00e4m\u00e4 pienikokoinen ja kest\u00e4v\u00e4 ledivalaisin sopii helposti taskuun tai sen voi kiinnitt\u00e4\u00e4 esimerkiksi repun kiinnityslenkkiin k\u00e4tev\u00e4ll\u00e4 pikaclipill\u00e4.<\/p>\n","protected":false},"excerpt":{"rendered":"<p>Musta Ansmann Future Key One valaisin Avaimenper\u00e4<\/p>\n","protected":false},"featured_media":120,"comment_status":"closed","ping_status":"closed","template":"","meta":[],"product_brand":[],"product_cat":[15],"product_tag":[79],"class_list":{"0":"post-119","1":"product","2":"type-product","3":"status-publish","4":"has-post-thumbnail","6":"product_cat-uncategorized","7":"product_tag-avaimenperat","9":"first","10":"instock","11":"purchasable","12":"product-type-simple"},"jetpack_sharing_enabled":true,"_links":{"self":[{"href":"https:\/\/www.hypertera.com\/index.php?rest_route=\/wp\/v2\/product\/119","targetHints":{"allow":["GET"]}}],"collection":[{"href":"https:\/\/www.hypertera.com\/index.php?rest_route=\/wp\/v2\/product"}],"about":[{"href":"https:\/\/www.hypertera.com\/index.php?rest_route=\/wp\/v2\/types\/product"}],"replies":[{"embeddable":true,"href":"https:\/\/www.hypertera.com\/index.php?rest_route=%2Fwp%2Fv2%2Fcomments&post=119"}],"wp:featuredmedia":[{"embeddable":true,"href":"https:\/\/www.hypertera.com\/index.php?rest_route=\/wp\/v2\/media\/120"}],"wp:attachment":[{"href":"https:\/\/www.hypertera.com\/index.php?rest_route=%2Fwp%2Fv2%2Fmedia&parent=119"}],"wp:term":[{"taxonomy":"product_brand","embeddable":true,"href":"https:\/\/www.hypertera.com\/index.php?rest_route=%2Fwp%2Fv2%2Fproduct_brand&post=119"},{"taxonomy":"product_cat","embeddable":true,"href":"https:\/\/www.hypertera.com\/index.php?rest_route=%2Fwp%2Fv2%2Fproduct_cat&post=119"},{"taxonomy":"product_tag","embeddable":true,"href":"https:\/\/www.hypertera.com\/index.php?rest_route=%2Fwp%2Fv2%2Fproduct_tag&post=119"}],"curies":[{"name":"wp","href":"https:\/\/api.w.org\/{rel}","templated":true}]}}