{"id":1185,"date":"2022-07-21T14:38:41","date_gmt":"2022-07-21T14:38:41","guid":{"rendered":"https:\/\/www.hypertera.com\/?product=kuulakyna-d-rect-vihrea-1-pkt-12"},"modified":"2022-07-21T14:38:45","modified_gmt":"2022-07-21T14:38:45","slug":"kuulakyna-d-rect-vihrea-1-pkt-12","status":"publish","type":"product","link":"https:\/\/www.hypertera.com\/?product=kuulakyna-d-rect-vihrea-1-pkt-12","title":{"rendered":"Kuulakyn\u00e4, D.rect, vihre\u00e4, 1 pkt\/12"},"content":{"rendered":"<p>Kuulakyn\u00e4 jossa painomekanismi. Paketissa 12 kpl. Ter\u00e4n leveys 0,5 mm. T\u00e4ytt\u00f6s\u00e4ili\u00f6 LE011, vihre\u00e4 muste.<\/p>\n","protected":false},"excerpt":{"rendered":"<p>D.rect Kuulakyn\u00e4, 1 pkt\/12<\/p>\n","protected":false},"featured_media":1183,"comment_status":"closed","ping_status":"closed","template":"","meta":[],"product_brand":[],"product_cat":[384,56,30,16],"product_tag":[385],"class_list":{"0":"post-1185","1":"product","2":"type-product","3":"status-publish","4":"has-post-thumbnail","6":"product_cat-kuulamustekynat-kynat","7":"product_cat-kynat","8":"product_cat-toimistotarvikkeet","9":"product_cat-tuotteet","10":"product_tag-kuulakynat","12":"first","13":"outofstock","14":"purchasable","15":"product-type-simple"},"jetpack_sharing_enabled":true,"_links":{"self":[{"href":"https:\/\/www.hypertera.com\/index.php?rest_route=\/wp\/v2\/product\/1185","targetHints":{"allow":["GET"]}}],"collection":[{"href":"https:\/\/www.hypertera.com\/index.php?rest_route=\/wp\/v2\/product"}],"about":[{"href":"https:\/\/www.hypertera.com\/index.php?rest_route=\/wp\/v2\/types\/product"}],"replies":[{"embeddable":true,"href":"https:\/\/www.hypertera.com\/index.php?rest_route=%2Fwp%2Fv2%2Fcomments&post=1185"}],"wp:featuredmedia":[{"embeddable":true,"href":"https:\/\/www.hypertera.com\/index.php?rest_route=\/wp\/v2\/media\/1183"}],"wp:attachment":[{"href":"https:\/\/www.hypertera.com\/index.php?rest_route=%2Fwp%2Fv2%2Fmedia&parent=1185"}],"wp:term":[{"taxonomy":"product_brand","embeddable":true,"href":"https:\/\/www.hypertera.com\/index.php?rest_route=%2Fwp%2Fv2%2Fproduct_brand&post=1185"},{"taxonomy":"product_cat","embeddable":true,"href":"https:\/\/www.hypertera.com\/index.php?rest_route=%2Fwp%2Fv2%2Fproduct_cat&post=1185"},{"taxonomy":"product_tag","embeddable":true,"href":"https:\/\/www.hypertera.com\/index.php?rest_route=%2Fwp%2Fv2%2Fproduct_tag&post=1185"}],"curies":[{"name":"wp","href":"https:\/\/api.w.org\/{rel}","templated":true}]}}