{"id":1172,"date":"2022-07-21T14:38:21","date_gmt":"2022-07-21T14:38:21","guid":{"rendered":"https:\/\/www.hypertera.com\/?product=kupusuojain-peltor-h510a-optimie-1-27db"},"modified":"2022-07-21T14:38:24","modified_gmt":"2022-07-21T14:38:24","slug":"kupusuojain-peltor-h510a-optimie-1-27db","status":"publish","type":"product","link":"https:\/\/www.hypertera.com\/?product=kupusuojain-peltor-h510a-optimie-1-27db","title":{"rendered":"Kupusuojain, Peltor H510A Optimie 1, -27dB"},"content":{"rendered":"<p>Peltor H510A on kevyt yleissuojain,joka sopii ymp\u00e4rist\u00f6ihin , joissa melutaso on kohtuullinen. Ruostumatonta jousiter\u00e4st\u00e4. Pehmustettu p\u00e4\u00e4lakisanka &#8211; mukava my\u00f6s pitk\u00e4aikaisessa k\u00e4yt\u00f6ss\u00e4.  SNR-vaimennus 27dB. Soveltuu k\u00e4ytett\u00e4v\u00e4ksi 87&#8211;98 dB melussa. Vaimennustehoa voi lis\u00e4t\u00e4 k\u00e4ytt\u00e4m\u00e4ll\u00e4 n\u00e4iden lis\u00e4ksi korvatulppia, esimerkiks 3M 1100C<\/p>\n","protected":false},"excerpt":{"rendered":"<p>Peltor H510A Optimie 1 -27dB Kupusuojain<\/p>\n","protected":false},"featured_media":1173,"comment_status":"closed","ping_status":"closed","template":"","meta":[],"product_brand":[],"product_cat":[15],"product_tag":[383],"class_list":{"0":"post-1172","1":"product","2":"type-product","3":"status-publish","4":"has-post-thumbnail","6":"product_cat-uncategorized","7":"product_tag-kupusuojaimet","9":"first","10":"instock","11":"purchasable","12":"product-type-simple"},"jetpack_sharing_enabled":true,"_links":{"self":[{"href":"https:\/\/www.hypertera.com\/index.php?rest_route=\/wp\/v2\/product\/1172","targetHints":{"allow":["GET"]}}],"collection":[{"href":"https:\/\/www.hypertera.com\/index.php?rest_route=\/wp\/v2\/product"}],"about":[{"href":"https:\/\/www.hypertera.com\/index.php?rest_route=\/wp\/v2\/types\/product"}],"replies":[{"embeddable":true,"href":"https:\/\/www.hypertera.com\/index.php?rest_route=%2Fwp%2Fv2%2Fcomments&post=1172"}],"wp:featuredmedia":[{"embeddable":true,"href":"https:\/\/www.hypertera.com\/index.php?rest_route=\/wp\/v2\/media\/1173"}],"wp:attachment":[{"href":"https:\/\/www.hypertera.com\/index.php?rest_route=%2Fwp%2Fv2%2Fmedia&parent=1172"}],"wp:term":[{"taxonomy":"product_brand","embeddable":true,"href":"https:\/\/www.hypertera.com\/index.php?rest_route=%2Fwp%2Fv2%2Fproduct_brand&post=1172"},{"taxonomy":"product_cat","embeddable":true,"href":"https:\/\/www.hypertera.com\/index.php?rest_route=%2Fwp%2Fv2%2Fproduct_cat&post=1172"},{"taxonomy":"product_tag","embeddable":true,"href":"https:\/\/www.hypertera.com\/index.php?rest_route=%2Fwp%2Fv2%2Fproduct_tag&post=1172"}],"curies":[{"name":"wp","href":"https:\/\/api.w.org\/{rel}","templated":true}]}}