{"id":117,"date":"2022-07-21T13:39:53","date_gmt":"2022-07-21T13:39:53","guid":{"rendered":"https:\/\/www.hypertera.com\/?product=avaimenperien-varilajitelma-1-ras-12-kpl"},"modified":"2022-07-21T13:40:13","modified_gmt":"2022-07-21T13:40:13","slug":"avaimenperien-varilajitelma-1-ras-12-kpl","status":"publish","type":"product","link":"https:\/\/www.hypertera.com\/?product=avaimenperien-varilajitelma-1-ras-12-kpl","title":{"rendered":"Avaimenperien v\u00e4rilajitelma, 1 ras\/12 kpl"},"content":{"rendered":"<p>V\u00e4rilajitelma avaimenperi\u00e4. Jokainen avaimenper\u00e4 sis\u00e4lt\u00e4\u00e4 l\u00e4pin\u00e4kyv\u00e4 muovi-ikkunan nimikkelle ja ripustuskolon, sek\u00e4 metallisen avaimenper\u00e4renkaan. Rasiassa 12 avaimenper\u00e4\u00e4 eri v\u00e4reiss\u00e4: sininen, keltainen, punainen, vihre\u00e4.<\/p>\n","protected":false},"excerpt":{"rendered":"<p>V\u00e4rilajitelma Avaimenperi\u00e4, 1 ras\/12<\/p>\n","protected":false},"featured_media":118,"comment_status":"closed","ping_status":"closed","template":"","meta":[],"product_brand":[],"product_cat":[15],"product_tag":[79],"class_list":{"0":"post-117","1":"product","2":"type-product","3":"status-publish","4":"has-post-thumbnail","6":"product_cat-uncategorized","7":"product_tag-avaimenperat","9":"first","10":"instock","11":"purchasable","12":"product-type-simple"},"jetpack_sharing_enabled":true,"_links":{"self":[{"href":"https:\/\/www.hypertera.com\/index.php?rest_route=\/wp\/v2\/product\/117","targetHints":{"allow":["GET"]}}],"collection":[{"href":"https:\/\/www.hypertera.com\/index.php?rest_route=\/wp\/v2\/product"}],"about":[{"href":"https:\/\/www.hypertera.com\/index.php?rest_route=\/wp\/v2\/types\/product"}],"replies":[{"embeddable":true,"href":"https:\/\/www.hypertera.com\/index.php?rest_route=%2Fwp%2Fv2%2Fcomments&post=117"}],"wp:featuredmedia":[{"embeddable":true,"href":"https:\/\/www.hypertera.com\/index.php?rest_route=\/wp\/v2\/media\/118"}],"wp:attachment":[{"href":"https:\/\/www.hypertera.com\/index.php?rest_route=%2Fwp%2Fv2%2Fmedia&parent=117"}],"wp:term":[{"taxonomy":"product_brand","embeddable":true,"href":"https:\/\/www.hypertera.com\/index.php?rest_route=%2Fwp%2Fv2%2Fproduct_brand&post=117"},{"taxonomy":"product_cat","embeddable":true,"href":"https:\/\/www.hypertera.com\/index.php?rest_route=%2Fwp%2Fv2%2Fproduct_cat&post=117"},{"taxonomy":"product_tag","embeddable":true,"href":"https:\/\/www.hypertera.com\/index.php?rest_route=%2Fwp%2Fv2%2Fproduct_tag&post=117"}],"curies":[{"name":"wp","href":"https:\/\/api.w.org\/{rel}","templated":true}]}}