{"id":1154,"date":"2022-07-21T14:37:42","date_gmt":"2022-07-21T14:37:42","guid":{"rendered":"https:\/\/www.hypertera.com\/?product=kuntopenkki-arctifit-kasipainot-elastiset-nauhat"},"modified":"2022-07-21T14:37:50","modified_gmt":"2022-07-21T14:37:50","slug":"kuntopenkki-arctifit-kasipainot-elastiset-nauhat","status":"publish","type":"product","link":"https:\/\/www.hypertera.com\/?product=kuntopenkki-arctifit-kasipainot-elastiset-nauhat","title":{"rendered":"Kuntopenkki, Arctifit, k\u00e4sipainot, elastiset nauhat"},"content":{"rendered":"<p>Isokokoinen, eritt\u00e4in monipuolinen, kaareva vatsapenkki tukevalla rungolla. Mukana tulee pienet k\u00e4sipainot, jotka voit k\u00e4tev\u00e4sti s\u00e4ilytt\u00e4\u00e4 penkin alla oelvissa telineiss\u00e4. K\u00e4sipainoilla voit helposti lis\u00e4t\u00e4 vastusta tarvittaessa. Lis\u00e4ksi mukana tulee 2 venyv\u00e4\u00e4 elastista narua tukevilal kahvoilla, joilla voit niin lis\u00e4t\u00e4 vastusta kuin helpottaa sit\u00e4. Kokonaisuutena siis eritt\u00e4in monipuolinen v\u00e4line vatsalihasten harjoittamiseen. K\u00e4ytt\u00e4j\u00e4n suositeltu maksimipaino 100 kg. Penkin voi tarvittaessa k\u00e4\u00e4nt\u00e4\u00e4 kasaan.<\/p>\n","protected":false},"excerpt":{"rendered":"<p>Monipuolinen vatsalihaspenkki<\/p>\n","protected":false},"featured_media":1155,"comment_status":"closed","ping_status":"closed","template":"","meta":[],"product_brand":[],"product_cat":[15],"product_tag":[376],"class_list":{"0":"post-1154","1":"product","2":"type-product","3":"status-publish","4":"has-post-thumbnail","6":"product_cat-uncategorized","7":"product_tag-vatsalihaspenkit","9":"first","10":"instock","11":"purchasable","12":"product-type-simple"},"jetpack_sharing_enabled":true,"_links":{"self":[{"href":"https:\/\/www.hypertera.com\/index.php?rest_route=\/wp\/v2\/product\/1154","targetHints":{"allow":["GET"]}}],"collection":[{"href":"https:\/\/www.hypertera.com\/index.php?rest_route=\/wp\/v2\/product"}],"about":[{"href":"https:\/\/www.hypertera.com\/index.php?rest_route=\/wp\/v2\/types\/product"}],"replies":[{"embeddable":true,"href":"https:\/\/www.hypertera.com\/index.php?rest_route=%2Fwp%2Fv2%2Fcomments&post=1154"}],"wp:featuredmedia":[{"embeddable":true,"href":"https:\/\/www.hypertera.com\/index.php?rest_route=\/wp\/v2\/media\/1155"}],"wp:attachment":[{"href":"https:\/\/www.hypertera.com\/index.php?rest_route=%2Fwp%2Fv2%2Fmedia&parent=1154"}],"wp:term":[{"taxonomy":"product_brand","embeddable":true,"href":"https:\/\/www.hypertera.com\/index.php?rest_route=%2Fwp%2Fv2%2Fproduct_brand&post=1154"},{"taxonomy":"product_cat","embeddable":true,"href":"https:\/\/www.hypertera.com\/index.php?rest_route=%2Fwp%2Fv2%2Fproduct_cat&post=1154"},{"taxonomy":"product_tag","embeddable":true,"href":"https:\/\/www.hypertera.com\/index.php?rest_route=%2Fwp%2Fv2%2Fproduct_tag&post=1154"}],"curies":[{"name":"wp","href":"https:\/\/api.w.org\/{rel}","templated":true}]}}