{"id":1136,"date":"2022-07-21T14:37:15","date_gmt":"2022-07-21T14:37:15","guid":{"rendered":"https:\/\/www.hypertera.com\/?product=kulmalukkosalkku-a4-barocco-muovinen-sininen"},"modified":"2022-07-21T14:37:25","modified_gmt":"2022-07-21T14:37:25","slug":"kulmalukkosalkku-a4-barocco-muovinen-sininen","status":"publish","type":"product","link":"https:\/\/www.hypertera.com\/?product=kulmalukkosalkku-a4-barocco-muovinen-sininen","title":{"rendered":"Kulmalukkosalkku, A4, Barocco, muovinen, sininen"},"content":{"rendered":"<p>Barocco-tuoteperhe tarjoaa pirteytt\u00e4 ja tyylikyytt\u00e4! Kulmalukkokansion muovinen kansi on koristeltu kauniilla sointuisalla kuviolla. Kulmalukkokansion paksuus on 0,45 millimetri\u00e4. Kulmalukkokansiot pit\u00e4v\u00e4t k\u00e4tev\u00e4sti paperit kasassa. Me Kauppakartanolaiset suosittelemme!<\/p>\n","protected":false},"excerpt":{"rendered":"<p>F-Office Kulmalukkokansio<\/p>\n","protected":false},"featured_media":1137,"comment_status":"closed","ping_status":"closed","template":"","meta":[],"product_brand":[],"product_cat":[114,31,30,16],"product_tag":[373],"class_list":{"0":"post-1136","1":"product","2":"type-product","3":"status-publish","4":"has-post-thumbnail","6":"product_cat-erikoiskansiot-kansiot-ja-mapit","7":"product_cat-kansiot-ja-mapit","8":"product_cat-toimistotarvikkeet","9":"product_cat-tuotteet","10":"product_tag-kulmalukkosalkut","12":"first","13":"instock","14":"purchasable","15":"product-type-simple"},"jetpack_sharing_enabled":true,"_links":{"self":[{"href":"https:\/\/www.hypertera.com\/index.php?rest_route=\/wp\/v2\/product\/1136","targetHints":{"allow":["GET"]}}],"collection":[{"href":"https:\/\/www.hypertera.com\/index.php?rest_route=\/wp\/v2\/product"}],"about":[{"href":"https:\/\/www.hypertera.com\/index.php?rest_route=\/wp\/v2\/types\/product"}],"replies":[{"embeddable":true,"href":"https:\/\/www.hypertera.com\/index.php?rest_route=%2Fwp%2Fv2%2Fcomments&post=1136"}],"wp:featuredmedia":[{"embeddable":true,"href":"https:\/\/www.hypertera.com\/index.php?rest_route=\/wp\/v2\/media\/1137"}],"wp:attachment":[{"href":"https:\/\/www.hypertera.com\/index.php?rest_route=%2Fwp%2Fv2%2Fmedia&parent=1136"}],"wp:term":[{"taxonomy":"product_brand","embeddable":true,"href":"https:\/\/www.hypertera.com\/index.php?rest_route=%2Fwp%2Fv2%2Fproduct_brand&post=1136"},{"taxonomy":"product_cat","embeddable":true,"href":"https:\/\/www.hypertera.com\/index.php?rest_route=%2Fwp%2Fv2%2Fproduct_cat&post=1136"},{"taxonomy":"product_tag","embeddable":true,"href":"https:\/\/www.hypertera.com\/index.php?rest_route=%2Fwp%2Fv2%2Fproduct_tag&post=1136"}],"curies":[{"name":"wp","href":"https:\/\/api.w.org\/{rel}","templated":true}]}}