{"id":1128,"date":"2022-07-21T14:28:59","date_gmt":"2022-07-21T14:28:59","guid":{"rendered":"https:\/\/www.hypertera.com\/?product=kulmalukkokotelo-a4-muovinen-hopeinen"},"modified":"2022-07-21T14:30:29","modified_gmt":"2022-07-21T14:30:29","slug":"kulmalukkokotelo-a4-muovinen-hopeinen","status":"publish","type":"product","link":"https:\/\/www.hypertera.com\/?product=kulmalukkokotelo-a4-muovinen-hopeinen","title":{"rendered":"Kulmalukkokotelo, A4, muovinen, hopeinen"},"content":{"rendered":"<p>Tilava kulmalukkokotelo, jonne mahtuu runsaasti papereita s\u00e4il\u00f6\u00f6n tai kuljetusta varten. A4 kokoinen, hopean v\u00e4rinen, muovinen kansio. Kotelo suljetaan elastisilla naruilla kulmista. Koteloon mahtuu jopa 150 sivua. Paksuus: 0,45 mm.<\/p>\n","protected":false},"excerpt":{"rendered":"<p>F-Office Kulmalukkokotelo<\/p>\n","protected":false},"featured_media":1129,"comment_status":"closed","ping_status":"closed","template":"","meta":[],"product_brand":[],"product_cat":[114,31,30,16],"product_tag":[372],"class_list":{"0":"post-1128","1":"product","2":"type-product","3":"status-publish","4":"has-post-thumbnail","6":"product_cat-erikoiskansiot-kansiot-ja-mapit","7":"product_cat-kansiot-ja-mapit","8":"product_cat-toimistotarvikkeet","9":"product_cat-tuotteet","10":"product_tag-kulmalukkokotelot","12":"first","13":"instock","14":"purchasable","15":"product-type-simple"},"jetpack_sharing_enabled":true,"_links":{"self":[{"href":"https:\/\/www.hypertera.com\/index.php?rest_route=\/wp\/v2\/product\/1128","targetHints":{"allow":["GET"]}}],"collection":[{"href":"https:\/\/www.hypertera.com\/index.php?rest_route=\/wp\/v2\/product"}],"about":[{"href":"https:\/\/www.hypertera.com\/index.php?rest_route=\/wp\/v2\/types\/product"}],"replies":[{"embeddable":true,"href":"https:\/\/www.hypertera.com\/index.php?rest_route=%2Fwp%2Fv2%2Fcomments&post=1128"}],"wp:featuredmedia":[{"embeddable":true,"href":"https:\/\/www.hypertera.com\/index.php?rest_route=\/wp\/v2\/media\/1129"}],"wp:attachment":[{"href":"https:\/\/www.hypertera.com\/index.php?rest_route=%2Fwp%2Fv2%2Fmedia&parent=1128"}],"wp:term":[{"taxonomy":"product_brand","embeddable":true,"href":"https:\/\/www.hypertera.com\/index.php?rest_route=%2Fwp%2Fv2%2Fproduct_brand&post=1128"},{"taxonomy":"product_cat","embeddable":true,"href":"https:\/\/www.hypertera.com\/index.php?rest_route=%2Fwp%2Fv2%2Fproduct_cat&post=1128"},{"taxonomy":"product_tag","embeddable":true,"href":"https:\/\/www.hypertera.com\/index.php?rest_route=%2Fwp%2Fv2%2Fproduct_tag&post=1128"}],"curies":[{"name":"wp","href":"https:\/\/api.w.org\/{rel}","templated":true}]}}