{"id":1122,"date":"2022-07-21T14:28:59","date_gmt":"2022-07-21T14:28:59","guid":{"rendered":"https:\/\/www.hypertera.com\/?product=kulmalukkokansio-a4-lapinakyva-vihrea"},"modified":"2022-07-21T14:29:47","modified_gmt":"2022-07-21T14:29:47","slug":"kulmalukkokansio-a4-lapinakyva-vihrea","status":"publish","type":"product","link":"https:\/\/www.hypertera.com\/?product=kulmalukkokansio-a4-lapinakyva-vihrea","title":{"rendered":"Kulmalukkokansio, A4, l\u00e4pin\u00e4kyv\u00e4, vihre\u00e4"},"content":{"rendered":"<p>Tyylik\u00e4s tiiviisti suljettava l\u00e4pin\u00e4kyv\u00e4 ja tilava kulmalukkokansio, v\u00e4rilt\u00e4\u00e4n vihre\u00e4. Valmistettu muovista. Paksuus: 0,45 mm.  Minimitilauser\u00e4: 10 kpl<\/p>\n","protected":false},"excerpt":{"rendered":"<p>F-Office Kulmalukkokansio<\/p>\n","protected":false},"featured_media":1123,"comment_status":"closed","ping_status":"closed","template":"","meta":[],"product_brand":[],"product_cat":[114,31,30,16],"product_tag":[371],"class_list":{"0":"post-1122","1":"product","2":"type-product","3":"status-publish","4":"has-post-thumbnail","6":"product_cat-erikoiskansiot-kansiot-ja-mapit","7":"product_cat-kansiot-ja-mapit","8":"product_cat-toimistotarvikkeet","9":"product_cat-tuotteet","10":"product_tag-kulmalukkokansiot","12":"first","13":"instock","14":"purchasable","15":"product-type-simple"},"jetpack_sharing_enabled":true,"_links":{"self":[{"href":"https:\/\/www.hypertera.com\/index.php?rest_route=\/wp\/v2\/product\/1122","targetHints":{"allow":["GET"]}}],"collection":[{"href":"https:\/\/www.hypertera.com\/index.php?rest_route=\/wp\/v2\/product"}],"about":[{"href":"https:\/\/www.hypertera.com\/index.php?rest_route=\/wp\/v2\/types\/product"}],"replies":[{"embeddable":true,"href":"https:\/\/www.hypertera.com\/index.php?rest_route=%2Fwp%2Fv2%2Fcomments&post=1122"}],"wp:featuredmedia":[{"embeddable":true,"href":"https:\/\/www.hypertera.com\/index.php?rest_route=\/wp\/v2\/media\/1123"}],"wp:attachment":[{"href":"https:\/\/www.hypertera.com\/index.php?rest_route=%2Fwp%2Fv2%2Fmedia&parent=1122"}],"wp:term":[{"taxonomy":"product_brand","embeddable":true,"href":"https:\/\/www.hypertera.com\/index.php?rest_route=%2Fwp%2Fv2%2Fproduct_brand&post=1122"},{"taxonomy":"product_cat","embeddable":true,"href":"https:\/\/www.hypertera.com\/index.php?rest_route=%2Fwp%2Fv2%2Fproduct_cat&post=1122"},{"taxonomy":"product_tag","embeddable":true,"href":"https:\/\/www.hypertera.com\/index.php?rest_route=%2Fwp%2Fv2%2Fproduct_tag&post=1122"}],"curies":[{"name":"wp","href":"https:\/\/api.w.org\/{rel}","templated":true}]}}