{"id":1110,"date":"2022-07-21T14:28:59","date_gmt":"2022-07-21T14:28:59","guid":{"rendered":"https:\/\/www.hypertera.com\/?product=kuitukarkikyna-connect-0-4-musta"},"modified":"2022-07-21T14:28:59","modified_gmt":"2022-07-21T14:28:59","slug":"kuitukarkikyna-connect-0-4-musta","status":"publish","type":"product","link":"https:\/\/www.hypertera.com\/?product=kuitukarkikyna-connect-0-4-musta","title":{"rendered":"Kuituk\u00e4rkikyn\u00e4, Connect, 0.4, musta"},"content":{"rendered":"<p>Metallivahvisteinen k\u00e4rki. Viivan leveys 0.4 mm. Runko polypropeenia, korkissa klipsi. Kyn\u00e4 musteen v\u00e4rinen.<\/p>\n","protected":false},"excerpt":{"rendered":"<p>Metallivahvisteinen k\u00e4rki. Viivan leveys 0.4 mm. Runko polypropeenia, korkissa klipsi. Kyn\u00e4 musteen v\u00e4rinen.<\/p>\n","protected":false},"featured_media":1111,"comment_status":"closed","ping_status":"closed","template":"","meta":[],"product_brand":[],"product_cat":[364,56,30,16],"product_tag":[365],"class_list":{"0":"post-1110","1":"product","2":"type-product","3":"status-publish","4":"has-post-thumbnail","6":"product_cat-kuitukarkikynat","7":"product_cat-kynat","8":"product_cat-toimistotarvikkeet","9":"product_cat-tuotteet","10":"product_tag-kuitukarkikynat","12":"first","13":"outofstock","14":"purchasable","15":"product-type-simple"},"jetpack_sharing_enabled":true,"_links":{"self":[{"href":"https:\/\/www.hypertera.com\/index.php?rest_route=\/wp\/v2\/product\/1110","targetHints":{"allow":["GET"]}}],"collection":[{"href":"https:\/\/www.hypertera.com\/index.php?rest_route=\/wp\/v2\/product"}],"about":[{"href":"https:\/\/www.hypertera.com\/index.php?rest_route=\/wp\/v2\/types\/product"}],"replies":[{"embeddable":true,"href":"https:\/\/www.hypertera.com\/index.php?rest_route=%2Fwp%2Fv2%2Fcomments&post=1110"}],"wp:featuredmedia":[{"embeddable":true,"href":"https:\/\/www.hypertera.com\/index.php?rest_route=\/wp\/v2\/media\/1111"}],"wp:attachment":[{"href":"https:\/\/www.hypertera.com\/index.php?rest_route=%2Fwp%2Fv2%2Fmedia&parent=1110"}],"wp:term":[{"taxonomy":"product_brand","embeddable":true,"href":"https:\/\/www.hypertera.com\/index.php?rest_route=%2Fwp%2Fv2%2Fproduct_brand&post=1110"},{"taxonomy":"product_cat","embeddable":true,"href":"https:\/\/www.hypertera.com\/index.php?rest_route=%2Fwp%2Fv2%2Fproduct_cat&post=1110"},{"taxonomy":"product_tag","embeddable":true,"href":"https:\/\/www.hypertera.com\/index.php?rest_route=%2Fwp%2Fv2%2Fproduct_tag&post=1110"}],"curies":[{"name":"wp","href":"https:\/\/api.w.org\/{rel}","templated":true}]}}