{"id":1108,"date":"2022-07-21T14:28:24","date_gmt":"2022-07-21T14:28:24","guid":{"rendered":"https:\/\/www.hypertera.com\/?product=kuittilomake-605l-a5-5050-vaaka-numerot"},"modified":"2022-07-21T14:28:51","modified_gmt":"2022-07-21T14:28:51","slug":"kuittilomake-605l-a5-5050-vaaka-numerot","status":"publish","type":"product","link":"https:\/\/www.hypertera.com\/?product=kuittilomake-605l-a5-5050-vaaka-numerot","title":{"rendered":"Kuittilomake, 605L, A5\/50+50, Vaaka, numerot"},"content":{"rendered":"<p>J\u00e4ljent\u00e4v\u00e4\u00e4 paperia. Perforoitu. Laskelma. Numeroitu. 1+1 kopiota. 100 lehte\u00e4. Viivaus, suomi\/ruotsi.<\/p>\n","protected":false},"excerpt":{"rendered":"<p>J\u00e4ljent\u00e4v\u00e4\u00e4 paperia. Perforoitu. Laskelma. Numeroitu. 1+1 kopiota. 100 lehte\u00e4. Viivaus, suomi\/ruotsi.<\/p>\n","protected":false},"featured_media":1109,"comment_status":"closed","ping_status":"closed","template":"","meta":[],"product_brand":[],"product_cat":[360,47,361,362,30,16],"product_tag":[363],"class_list":{"0":"post-1108","1":"product","2":"type-product","3":"status-publish","4":"has-post-thumbnail","6":"product_cat-esipainetut-lomakkeettuotteet","7":"product_cat-lomakkeet-ja-kirjoituspaperit","8":"product_cat-muut-tuotteet-esipainetut-lomakkeettuotteet","9":"product_cat-painetut-lomakkeet","10":"product_cat-toimistotarvikkeet","11":"product_cat-tuotteet","12":"product_tag-kuittilomakkeet","14":"first","15":"outofstock","16":"purchasable","17":"product-type-simple"},"jetpack_sharing_enabled":true,"_links":{"self":[{"href":"https:\/\/www.hypertera.com\/index.php?rest_route=\/wp\/v2\/product\/1108","targetHints":{"allow":["GET"]}}],"collection":[{"href":"https:\/\/www.hypertera.com\/index.php?rest_route=\/wp\/v2\/product"}],"about":[{"href":"https:\/\/www.hypertera.com\/index.php?rest_route=\/wp\/v2\/types\/product"}],"replies":[{"embeddable":true,"href":"https:\/\/www.hypertera.com\/index.php?rest_route=%2Fwp%2Fv2%2Fcomments&post=1108"}],"wp:featuredmedia":[{"embeddable":true,"href":"https:\/\/www.hypertera.com\/index.php?rest_route=\/wp\/v2\/media\/1109"}],"wp:attachment":[{"href":"https:\/\/www.hypertera.com\/index.php?rest_route=%2Fwp%2Fv2%2Fmedia&parent=1108"}],"wp:term":[{"taxonomy":"product_brand","embeddable":true,"href":"https:\/\/www.hypertera.com\/index.php?rest_route=%2Fwp%2Fv2%2Fproduct_brand&post=1108"},{"taxonomy":"product_cat","embeddable":true,"href":"https:\/\/www.hypertera.com\/index.php?rest_route=%2Fwp%2Fv2%2Fproduct_cat&post=1108"},{"taxonomy":"product_tag","embeddable":true,"href":"https:\/\/www.hypertera.com\/index.php?rest_route=%2Fwp%2Fv2%2Fproduct_tag&post=1108"}],"curies":[{"name":"wp","href":"https:\/\/api.w.org\/{rel}","templated":true}]}}