{"id":1100,"date":"2022-07-21T14:28:24","date_gmt":"2022-07-21T14:28:24","guid":{"rendered":"https:\/\/www.hypertera.com\/?product=kristallinkirkas-lasertarra-avery-l7780-25-o-40-mm"},"modified":"2022-07-21T14:28:47","modified_gmt":"2022-07-21T14:28:47","slug":"kristallinkirkas-lasertarra-avery-l7780-25-o-40-mm","status":"publish","type":"product","link":"https:\/\/www.hypertera.com\/?product=kristallinkirkas-lasertarra-avery-l7780-25-o-40-mm","title":{"rendered":"Kristallinkirkas lasertarra, Avery L7780-25,  \u00d8 40 mm"},"content":{"rendered":"<p>Kirkkaan l\u00e4pin\u00e4kyv\u00e4t, kiilt\u00e4v\u00e4t etiketit pysyv\u00e4t hyvin lasi-, muovi- ja metallipinnoilla, my\u00f6s kiillotetuilla pinnoilla. Tarrat antavat tyylikk\u00e4\u00e4n ilmeen myyt\u00e4ville tuotteillesi tai ne sopivat my\u00f6s sinet\u00f6intiin. Tarrat kest\u00e4v\u00e4t hyvin \u00f6ljy\u00e4 ja likaa eiv\u00e4tk\u00e4 repeydy.   Sopivat v\u00e4rilaser- ja lasertulokseen. &Oslash; 40mm, materiaali polyesterkalvo, 25 arkkia \/ pkt, 20 tarraa arkilla, yhteens\u00e4 600 tarraa \/ pkt. Tulostuksen suunnitteluun voit k\u00e4ytt\u00e4\u00e4 helppok\u00e4ytt\u00f6ist\u00e4, ilmaista Averyn tarrapohjat sis\u00e4lt\u00e4v\u00e4\u00e4 ohjelmaa, jonka voit ladata t\u00e4st\u00e4 .<\/p>\n","protected":false},"excerpt":{"rendered":"<p>Avery L7780-25 Kristallinkirkas lasertarra \u00d8 40 mm<\/p>\n","protected":false},"featured_media":1101,"comment_status":"closed","ping_status":"closed","template":"","meta":[],"product_brand":[],"product_cat":[174,104,175,172,30,173,16],"product_tag":[176],"class_list":{"0":"post-1100","1":"product","2":"type-product","3":"status-publish","4":"has-post-thumbnail","6":"product_cat-etiketit-tarrat-ja-nimilappukotelot-toimistotarvikkeet-monitoimitarrattuotteet","7":"product_cat-etiketit-tarrat-ja-nimilappukotelot","8":"product_cat-kopiotarrat","9":"product_cat-monitoimitarrattuotteet","10":"product_cat-toimistotarvikkeet","11":"product_cat-toimistotarvikkeet-monitoimitarrattuotteet","12":"product_cat-tuotteet","13":"product_tag-lasertarrat","15":"first","16":"instock","17":"purchasable","18":"product-type-simple"},"jetpack_sharing_enabled":true,"_links":{"self":[{"href":"https:\/\/www.hypertera.com\/index.php?rest_route=\/wp\/v2\/product\/1100","targetHints":{"allow":["GET"]}}],"collection":[{"href":"https:\/\/www.hypertera.com\/index.php?rest_route=\/wp\/v2\/product"}],"about":[{"href":"https:\/\/www.hypertera.com\/index.php?rest_route=\/wp\/v2\/types\/product"}],"replies":[{"embeddable":true,"href":"https:\/\/www.hypertera.com\/index.php?rest_route=%2Fwp%2Fv2%2Fcomments&post=1100"}],"wp:featuredmedia":[{"embeddable":true,"href":"https:\/\/www.hypertera.com\/index.php?rest_route=\/wp\/v2\/media\/1101"}],"wp:attachment":[{"href":"https:\/\/www.hypertera.com\/index.php?rest_route=%2Fwp%2Fv2%2Fmedia&parent=1100"}],"wp:term":[{"taxonomy":"product_brand","embeddable":true,"href":"https:\/\/www.hypertera.com\/index.php?rest_route=%2Fwp%2Fv2%2Fproduct_brand&post=1100"},{"taxonomy":"product_cat","embeddable":true,"href":"https:\/\/www.hypertera.com\/index.php?rest_route=%2Fwp%2Fv2%2Fproduct_cat&post=1100"},{"taxonomy":"product_tag","embeddable":true,"href":"https:\/\/www.hypertera.com\/index.php?rest_route=%2Fwp%2Fv2%2Fproduct_tag&post=1100"}],"curies":[{"name":"wp","href":"https:\/\/api.w.org\/{rel}","templated":true}]}}