{"id":1096,"date":"2022-07-21T14:28:24","date_gmt":"2022-07-21T14:28:24","guid":{"rendered":"https:\/\/www.hypertera.com\/?product=kovakantinen-vihko-a5-96-sivua-ruudutus-harmaa"},"modified":"2022-07-21T14:28:40","modified_gmt":"2022-07-21T14:28:40","slug":"kovakantinen-vihko-a5-96-sivua-ruudutus-harmaa","status":"publish","type":"product","link":"https:\/\/www.hypertera.com\/?product=kovakantinen-vihko-a5-96-sivua-ruudutus-harmaa","title":{"rendered":"Kovakantinen vihko, A5, 96 sivua, ruudutus, harmaa"},"content":{"rendered":"<p>Ruudutettu, harmaa toimiston muistikirja. Kovat kannet takaavat kest\u00e4vyyden. Laadukasta ruudutettua paperia, 96 sivua.  Paperi laadukasta, 70 g\/m2 -paperia. Kiilt\u00e4v\u00e4t ja kulutusta kest\u00e4v\u00e4t kannet.<\/p>\n","protected":false},"excerpt":{"rendered":"<p>Harmaa F-Office Kovakantinen vihko<\/p>\n","protected":false},"featured_media":1097,"comment_status":"closed","ping_status":"closed","template":"","meta":[],"product_brand":[],"product_cat":[15],"product_tag":[359],"class_list":{"0":"post-1096","1":"product","2":"type-product","3":"status-publish","4":"has-post-thumbnail","6":"product_cat-uncategorized","7":"product_tag-kovakantiset-vihkot","9":"first","10":"instock","11":"purchasable","12":"product-type-simple"},"jetpack_sharing_enabled":true,"_links":{"self":[{"href":"https:\/\/www.hypertera.com\/index.php?rest_route=\/wp\/v2\/product\/1096","targetHints":{"allow":["GET"]}}],"collection":[{"href":"https:\/\/www.hypertera.com\/index.php?rest_route=\/wp\/v2\/product"}],"about":[{"href":"https:\/\/www.hypertera.com\/index.php?rest_route=\/wp\/v2\/types\/product"}],"replies":[{"embeddable":true,"href":"https:\/\/www.hypertera.com\/index.php?rest_route=%2Fwp%2Fv2%2Fcomments&post=1096"}],"wp:featuredmedia":[{"embeddable":true,"href":"https:\/\/www.hypertera.com\/index.php?rest_route=\/wp\/v2\/media\/1097"}],"wp:attachment":[{"href":"https:\/\/www.hypertera.com\/index.php?rest_route=%2Fwp%2Fv2%2Fmedia&parent=1096"}],"wp:term":[{"taxonomy":"product_brand","embeddable":true,"href":"https:\/\/www.hypertera.com\/index.php?rest_route=%2Fwp%2Fv2%2Fproduct_brand&post=1096"},{"taxonomy":"product_cat","embeddable":true,"href":"https:\/\/www.hypertera.com\/index.php?rest_route=%2Fwp%2Fv2%2Fproduct_cat&post=1096"},{"taxonomy":"product_tag","embeddable":true,"href":"https:\/\/www.hypertera.com\/index.php?rest_route=%2Fwp%2Fv2%2Fproduct_tag&post=1096"}],"curies":[{"name":"wp","href":"https:\/\/api.w.org\/{rel}","templated":true}]}}