{"id":1082,"date":"2022-07-21T14:27:59","date_gmt":"2022-07-21T14:27:59","guid":{"rendered":"https:\/\/www.hypertera.com\/?product=korvatulppa-3m-1100c-snr-37-db-1-pkt-5-paria"},"modified":"2022-07-21T14:28:12","modified_gmt":"2022-07-21T14:28:12","slug":"korvatulppa-3m-1100c-snr-37-db-1-pkt-5-paria","status":"publish","type":"product","link":"https:\/\/www.hypertera.com\/?product=korvatulppa-3m-1100c-snr-37-db-1-pkt-5-paria","title":{"rendered":"Korvatulppa, 3M 1100C SNR, -37 dB, 1 pkt\/5 paria"},"content":{"rendered":"<p>Kertak\u00e4ytt\u00f6iset (tai toistuvaan k\u00e4ytt\u00f6\u00f6n) soveltuvat korvatulpat. SNR-arvo 37 dB. Sopivat hyvin niin ty\u00f6maalle, keskittymist\u00e4 vaativaan ty\u00f6h\u00f6n kuin vaikkapa konserttiin. Jotkut ovat saaneet apua my\u00f6s nukahtamisvaikeuksiin.  Edulliset ja mukavat korvatulpat. Valmistusmateriaali painuu pieneen kokoon, ja laajenee j\u00e4lleen korvak\u00e4yt\u00e4v\u00e4ss\u00e4. Erityisen kovassa melussa n\u00e4ill\u00e4 korvatulpilla voit tehostaa erillisten korvasuojainten tehoa.<\/p>\n","protected":false},"excerpt":{"rendered":"<p>3M 1100C SNR -37 dB Korvatulppa, 1 pkt\/5 paria<\/p>\n","protected":false},"featured_media":1083,"comment_status":"closed","ping_status":"closed","template":"","meta":[],"product_brand":[],"product_cat":[15],"product_tag":[355],"class_list":{"0":"post-1082","1":"product","2":"type-product","3":"status-publish","4":"has-post-thumbnail","6":"product_cat-uncategorized","7":"product_tag-korvatulpat","9":"first","10":"instock","11":"purchasable","12":"product-type-simple"},"jetpack_sharing_enabled":true,"_links":{"self":[{"href":"https:\/\/www.hypertera.com\/index.php?rest_route=\/wp\/v2\/product\/1082","targetHints":{"allow":["GET"]}}],"collection":[{"href":"https:\/\/www.hypertera.com\/index.php?rest_route=\/wp\/v2\/product"}],"about":[{"href":"https:\/\/www.hypertera.com\/index.php?rest_route=\/wp\/v2\/types\/product"}],"replies":[{"embeddable":true,"href":"https:\/\/www.hypertera.com\/index.php?rest_route=%2Fwp%2Fv2%2Fcomments&post=1082"}],"wp:featuredmedia":[{"embeddable":true,"href":"https:\/\/www.hypertera.com\/index.php?rest_route=\/wp\/v2\/media\/1083"}],"wp:attachment":[{"href":"https:\/\/www.hypertera.com\/index.php?rest_route=%2Fwp%2Fv2%2Fmedia&parent=1082"}],"wp:term":[{"taxonomy":"product_brand","embeddable":true,"href":"https:\/\/www.hypertera.com\/index.php?rest_route=%2Fwp%2Fv2%2Fproduct_brand&post=1082"},{"taxonomy":"product_cat","embeddable":true,"href":"https:\/\/www.hypertera.com\/index.php?rest_route=%2Fwp%2Fv2%2Fproduct_cat&post=1082"},{"taxonomy":"product_tag","embeddable":true,"href":"https:\/\/www.hypertera.com\/index.php?rest_route=%2Fwp%2Fv2%2Fproduct_tag&post=1082"}],"curies":[{"name":"wp","href":"https:\/\/api.w.org\/{rel}","templated":true}]}}