{"id":107,"date":"2022-07-21T13:39:53","date_gmt":"2022-07-21T13:39:53","guid":{"rendered":"https:\/\/www.hypertera.com\/?product=audiokaapeli-hq-stereo-kaapeli-3-5mm-liittimet-3-0m"},"modified":"2022-07-21T13:40:06","modified_gmt":"2022-07-21T13:40:06","slug":"audiokaapeli-hq-stereo-kaapeli-3-5mm-liittimet-3-0m","status":"publish","type":"product","link":"https:\/\/www.hypertera.com\/?product=audiokaapeli-hq-stereo-kaapeli-3-5mm-liittimet-3-0m","title":{"rendered":"Audiokaapeli, HQ Stereo kaapeli, 3.5mm liittimet, 3.0m"},"content":{"rendered":"<p>3 metri\u00e4 pitk\u00e4 HQ-stereokaapeli 3.5 mm plugeilla. Molemmissa p\u00e4iss\u00e4 urosliittimet.<\/p>\n","protected":false},"excerpt":{"rendered":"<p>HQ Stereo kaapeli, 3.5mm liittimet 3.0m Audiokaapeli<\/p>\n","protected":false},"featured_media":108,"comment_status":"closed","ping_status":"closed","template":"","meta":[],"product_brand":[],"product_cat":[15],"product_tag":[75],"class_list":{"0":"post-107","1":"product","2":"type-product","3":"status-publish","4":"has-post-thumbnail","6":"product_cat-uncategorized","7":"product_tag-audiokaapelit","9":"first","10":"instock","11":"purchasable","12":"product-type-simple"},"jetpack_sharing_enabled":true,"_links":{"self":[{"href":"https:\/\/www.hypertera.com\/index.php?rest_route=\/wp\/v2\/product\/107","targetHints":{"allow":["GET"]}}],"collection":[{"href":"https:\/\/www.hypertera.com\/index.php?rest_route=\/wp\/v2\/product"}],"about":[{"href":"https:\/\/www.hypertera.com\/index.php?rest_route=\/wp\/v2\/types\/product"}],"replies":[{"embeddable":true,"href":"https:\/\/www.hypertera.com\/index.php?rest_route=%2Fwp%2Fv2%2Fcomments&post=107"}],"wp:featuredmedia":[{"embeddable":true,"href":"https:\/\/www.hypertera.com\/index.php?rest_route=\/wp\/v2\/media\/108"}],"wp:attachment":[{"href":"https:\/\/www.hypertera.com\/index.php?rest_route=%2Fwp%2Fv2%2Fmedia&parent=107"}],"wp:term":[{"taxonomy":"product_brand","embeddable":true,"href":"https:\/\/www.hypertera.com\/index.php?rest_route=%2Fwp%2Fv2%2Fproduct_brand&post=107"},{"taxonomy":"product_cat","embeddable":true,"href":"https:\/\/www.hypertera.com\/index.php?rest_route=%2Fwp%2Fv2%2Fproduct_cat&post=107"},{"taxonomy":"product_tag","embeddable":true,"href":"https:\/\/www.hypertera.com\/index.php?rest_route=%2Fwp%2Fv2%2Fproduct_tag&post=107"}],"curies":[{"name":"wp","href":"https:\/\/api.w.org\/{rel}","templated":true}]}}