{"id":1060,"date":"2022-07-21T14:27:38","date_gmt":"2022-07-21T14:27:38","guid":{"rendered":"https:\/\/www.hypertera.com\/?product=korvakoru-sydan-helmet"},"modified":"2022-07-21T14:27:47","modified_gmt":"2022-07-21T14:27:47","slug":"korvakoru-sydan-helmet","status":"publish","type":"product","link":"https:\/\/www.hypertera.com\/?product=korvakoru-sydan-helmet","title":{"rendered":"Korvakoru, &#8220;Syd\u00e4n helmet&#8221;"},"content":{"rendered":"<p>Naisten hienostuneet rodiump\u00e4\u00e4llystetyt syd\u00e4npiikkikorvakorut, joiden keskell\u00e4 on valkoinen helmi.<\/p>\n","protected":false},"excerpt":{"rendered":"<p>Korvakoru<\/p>\n","protected":false},"featured_media":1061,"comment_status":"closed","ping_status":"closed","template":"","meta":[],"product_brand":[],"product_cat":[15],"product_tag":[354],"class_list":{"0":"post-1060","1":"product","2":"type-product","3":"status-publish","4":"has-post-thumbnail","6":"product_cat-uncategorized","7":"product_tag-korvakorut","9":"first","10":"instock","11":"purchasable","12":"product-type-simple"},"jetpack_sharing_enabled":true,"_links":{"self":[{"href":"https:\/\/www.hypertera.com\/index.php?rest_route=\/wp\/v2\/product\/1060","targetHints":{"allow":["GET"]}}],"collection":[{"href":"https:\/\/www.hypertera.com\/index.php?rest_route=\/wp\/v2\/product"}],"about":[{"href":"https:\/\/www.hypertera.com\/index.php?rest_route=\/wp\/v2\/types\/product"}],"replies":[{"embeddable":true,"href":"https:\/\/www.hypertera.com\/index.php?rest_route=%2Fwp%2Fv2%2Fcomments&post=1060"}],"wp:featuredmedia":[{"embeddable":true,"href":"https:\/\/www.hypertera.com\/index.php?rest_route=\/wp\/v2\/media\/1061"}],"wp:attachment":[{"href":"https:\/\/www.hypertera.com\/index.php?rest_route=%2Fwp%2Fv2%2Fmedia&parent=1060"}],"wp:term":[{"taxonomy":"product_brand","embeddable":true,"href":"https:\/\/www.hypertera.com\/index.php?rest_route=%2Fwp%2Fv2%2Fproduct_brand&post=1060"},{"taxonomy":"product_cat","embeddable":true,"href":"https:\/\/www.hypertera.com\/index.php?rest_route=%2Fwp%2Fv2%2Fproduct_cat&post=1060"},{"taxonomy":"product_tag","embeddable":true,"href":"https:\/\/www.hypertera.com\/index.php?rest_route=%2Fwp%2Fv2%2Fproduct_tag&post=1060"}],"curies":[{"name":"wp","href":"https:\/\/api.w.org\/{rel}","templated":true}]}}