{"id":1042,"date":"2022-07-21T14:27:09","date_gmt":"2022-07-21T14:27:09","guid":{"rendered":"https:\/\/www.hypertera.com\/?product=korostuskyna-textsurfer-364-varilajitelma-1-srj-4"},"modified":"2022-07-21T14:27:29","modified_gmt":"2022-07-21T14:27:29","slug":"korostuskyna-textsurfer-364-varilajitelma-1-srj-4","status":"publish","type":"product","link":"https:\/\/www.hypertera.com\/?product=korostuskyna-textsurfer-364-varilajitelma-1-srj-4","title":{"rendered":"Korostuskyn\u00e4, Textsurfer 364, v\u00e4rilajitelma, 1 srj\/4"},"content":{"rendered":"<p>Valonkest\u00e4v\u00e4, vesipohjainen pigmenttimuste paperille, kopioille ja fax-tulosteille. Keltainen soveltuu my\u00f6s mustesuihkutulosteille. V\u00e4rilajitelma: Keltainen, rosa, oranssi ja vihre\u00e4.<\/p>\n","protected":false},"excerpt":{"rendered":"<p>Valonkest\u00e4v\u00e4, vesipohjainen pigmenttimuste paperille, kopioille ja fax-tulosteille. Keltainen soveltuu my\u00f6s mustesuihkutulosteille. V\u00e4rilajitelma: Keltainen, rosa, oranssi ja vihre\u00e4.<\/p>\n","protected":false},"featured_media":1043,"comment_status":"closed","ping_status":"closed","template":"","meta":[],"product_brand":[],"product_cat":[338,56,30,16],"product_tag":[339],"class_list":{"0":"post-1042","1":"product","2":"type-product","3":"status-publish","4":"has-post-thumbnail","6":"product_cat-korostuskynat","7":"product_cat-kynat","8":"product_cat-toimistotarvikkeet","9":"product_cat-tuotteet","10":"product_tag-korostuskynat","12":"first","13":"outofstock","14":"purchasable","15":"product-type-simple"},"jetpack_sharing_enabled":true,"_links":{"self":[{"href":"https:\/\/www.hypertera.com\/index.php?rest_route=\/wp\/v2\/product\/1042","targetHints":{"allow":["GET"]}}],"collection":[{"href":"https:\/\/www.hypertera.com\/index.php?rest_route=\/wp\/v2\/product"}],"about":[{"href":"https:\/\/www.hypertera.com\/index.php?rest_route=\/wp\/v2\/types\/product"}],"replies":[{"embeddable":true,"href":"https:\/\/www.hypertera.com\/index.php?rest_route=%2Fwp%2Fv2%2Fcomments&post=1042"}],"wp:featuredmedia":[{"embeddable":true,"href":"https:\/\/www.hypertera.com\/index.php?rest_route=\/wp\/v2\/media\/1043"}],"wp:attachment":[{"href":"https:\/\/www.hypertera.com\/index.php?rest_route=%2Fwp%2Fv2%2Fmedia&parent=1042"}],"wp:term":[{"taxonomy":"product_brand","embeddable":true,"href":"https:\/\/www.hypertera.com\/index.php?rest_route=%2Fwp%2Fv2%2Fproduct_brand&post=1042"},{"taxonomy":"product_cat","embeddable":true,"href":"https:\/\/www.hypertera.com\/index.php?rest_route=%2Fwp%2Fv2%2Fproduct_cat&post=1042"},{"taxonomy":"product_tag","embeddable":true,"href":"https:\/\/www.hypertera.com\/index.php?rest_route=%2Fwp%2Fv2%2Fproduct_tag&post=1042"}],"curies":[{"name":"wp","href":"https:\/\/api.w.org\/{rel}","templated":true}]}}