{"id":1032,"date":"2022-07-21T14:27:09","date_gmt":"2022-07-21T14:27:09","guid":{"rendered":"https:\/\/www.hypertera.com\/?product=korkkitaulu-q-connect-900x600mm-alumiinikehys"},"modified":"2022-07-21T14:27:15","modified_gmt":"2022-07-21T14:27:15","slug":"korkkitaulu-q-connect-900x600mm-alumiinikehys","status":"publish","type":"product","link":"https:\/\/www.hypertera.com\/?product=korkkitaulu-q-connect-900x600mm-alumiinikehys","title":{"rendered":"Korkkitaulu, Q-Connect, 900x600mm, alumiinikehys"},"content":{"rendered":"<p>Luonnonv\u00e4rinen korkkipinta,(korkin paksuus 1 mm) johon on helppo kiinnitt\u00e4\u00e4 viestit neuloilla ja nastoilla. Eloksoidut alumiinireunalistat. Mukana piilokiinnityshelat.<\/p>\n","protected":false},"excerpt":{"rendered":"<p>Alumiinikehyksellinen Q-Connect 900x600mm Korkkitaulu<\/p>\n","protected":false},"featured_media":1033,"comment_status":"closed","ping_status":"closed","template":"","meta":[],"product_brand":[],"product_cat":[15],"product_tag":[337],"class_list":{"0":"post-1032","1":"product","2":"type-product","3":"status-publish","4":"has-post-thumbnail","6":"product_cat-uncategorized","7":"product_tag-korkkitaulut","9":"first","10":"outofstock","11":"purchasable","12":"product-type-simple"},"jetpack_sharing_enabled":true,"_links":{"self":[{"href":"https:\/\/www.hypertera.com\/index.php?rest_route=\/wp\/v2\/product\/1032","targetHints":{"allow":["GET"]}}],"collection":[{"href":"https:\/\/www.hypertera.com\/index.php?rest_route=\/wp\/v2\/product"}],"about":[{"href":"https:\/\/www.hypertera.com\/index.php?rest_route=\/wp\/v2\/types\/product"}],"replies":[{"embeddable":true,"href":"https:\/\/www.hypertera.com\/index.php?rest_route=%2Fwp%2Fv2%2Fcomments&post=1032"}],"wp:featuredmedia":[{"embeddable":true,"href":"https:\/\/www.hypertera.com\/index.php?rest_route=\/wp\/v2\/media\/1033"}],"wp:attachment":[{"href":"https:\/\/www.hypertera.com\/index.php?rest_route=%2Fwp%2Fv2%2Fmedia&parent=1032"}],"wp:term":[{"taxonomy":"product_brand","embeddable":true,"href":"https:\/\/www.hypertera.com\/index.php?rest_route=%2Fwp%2Fv2%2Fproduct_brand&post=1032"},{"taxonomy":"product_cat","embeddable":true,"href":"https:\/\/www.hypertera.com\/index.php?rest_route=%2Fwp%2Fv2%2Fproduct_cat&post=1032"},{"taxonomy":"product_tag","embeddable":true,"href":"https:\/\/www.hypertera.com\/index.php?rest_route=%2Fwp%2Fv2%2Fproduct_tag&post=1032"}],"curies":[{"name":"wp","href":"https:\/\/api.w.org\/{rel}","templated":true}]}}