{"id":103,"date":"2022-07-21T13:39:53","date_gmt":"2022-07-21T13:39:53","guid":{"rendered":"https:\/\/www.hypertera.com\/?product=audiokaapeli-3-5mm-uros-uros-1-5m-musta"},"modified":"2022-07-21T13:40:03","modified_gmt":"2022-07-21T13:40:03","slug":"audiokaapeli-3-5mm-uros-uros-1-5m-musta","status":"publish","type":"product","link":"https:\/\/www.hypertera.com\/?product=audiokaapeli-3-5mm-uros-uros-1-5m-musta","title":{"rendered":"Audiokaapeli, 3.5mm uros\/uros, 1.5m, musta"},"content":{"rendered":"<p>1,5 metri\u00e4 pitk\u00e4 stereokaapeli 3.5mm liittimill\u00e4. Molemmissa p\u00e4iss\u00e4 urosliittimet.<\/p>\n","protected":false},"excerpt":{"rendered":"<p>Musta 3.5mm uros\/uros 1.5m Audiokaapeli<\/p>\n","protected":false},"featured_media":104,"comment_status":"closed","ping_status":"closed","template":"","meta":[],"product_brand":[],"product_cat":[15],"product_tag":[75],"class_list":{"0":"post-103","1":"product","2":"type-product","3":"status-publish","4":"has-post-thumbnail","6":"product_cat-uncategorized","7":"product_tag-audiokaapelit","9":"first","10":"instock","11":"purchasable","12":"product-type-simple"},"jetpack_sharing_enabled":true,"_links":{"self":[{"href":"https:\/\/www.hypertera.com\/index.php?rest_route=\/wp\/v2\/product\/103","targetHints":{"allow":["GET"]}}],"collection":[{"href":"https:\/\/www.hypertera.com\/index.php?rest_route=\/wp\/v2\/product"}],"about":[{"href":"https:\/\/www.hypertera.com\/index.php?rest_route=\/wp\/v2\/types\/product"}],"replies":[{"embeddable":true,"href":"https:\/\/www.hypertera.com\/index.php?rest_route=%2Fwp%2Fv2%2Fcomments&post=103"}],"wp:featuredmedia":[{"embeddable":true,"href":"https:\/\/www.hypertera.com\/index.php?rest_route=\/wp\/v2\/media\/104"}],"wp:attachment":[{"href":"https:\/\/www.hypertera.com\/index.php?rest_route=%2Fwp%2Fv2%2Fmedia&parent=103"}],"wp:term":[{"taxonomy":"product_brand","embeddable":true,"href":"https:\/\/www.hypertera.com\/index.php?rest_route=%2Fwp%2Fv2%2Fproduct_brand&post=103"},{"taxonomy":"product_cat","embeddable":true,"href":"https:\/\/www.hypertera.com\/index.php?rest_route=%2Fwp%2Fv2%2Fproduct_cat&post=103"},{"taxonomy":"product_tag","embeddable":true,"href":"https:\/\/www.hypertera.com\/index.php?rest_route=%2Fwp%2Fv2%2Fproduct_tag&post=103"}],"curies":[{"name":"wp","href":"https:\/\/api.w.org\/{rel}","templated":true}]}}