{"id":102,"date":"2022-07-21T13:39:53","date_gmt":"2022-07-21T13:39:53","guid":{"rendered":"https:\/\/www.hypertera.com\/?product=asustesarja-kello-vyo-ja-huivi-punainen"},"modified":"2022-07-21T13:40:00","modified_gmt":"2022-07-21T13:40:00","slug":"asustesarja-kello-vyo-ja-huivi-punainen","status":"publish","type":"product","link":"https:\/\/www.hypertera.com\/?product=asustesarja-kello-vyo-ja-huivi-punainen","title":{"rendered":"Asustesarja: kello, vy\u00f6 ja huivi, punainen"},"content":{"rendered":"<p>Onhan kello hyvin, vy\u00f6 lanteilla, huivi kaulassa? Valmista on, ja Rose &#8211; tytt\u00f6 on valmis juhlaan!   Nuorekas asustesetti joka luo arkeen pient\u00e4 luxusta.<\/p>\n","protected":false},"excerpt":{"rendered":"<p>Punainen asustesarja: kello, vy\u00f6 ja huivi<\/p>\n","protected":false},"featured_media":0,"comment_status":"closed","ping_status":"closed","template":"","meta":[],"product_brand":[],"product_cat":[15],"product_tag":[74],"class_list":{"0":"post-102","1":"product","2":"type-product","3":"status-publish","5":"product_cat-uncategorized","6":"product_tag-asustesarjat","8":"first","9":"instock","10":"purchasable","11":"product-type-simple"},"jetpack_sharing_enabled":true,"_links":{"self":[{"href":"https:\/\/www.hypertera.com\/index.php?rest_route=\/wp\/v2\/product\/102","targetHints":{"allow":["GET"]}}],"collection":[{"href":"https:\/\/www.hypertera.com\/index.php?rest_route=\/wp\/v2\/product"}],"about":[{"href":"https:\/\/www.hypertera.com\/index.php?rest_route=\/wp\/v2\/types\/product"}],"replies":[{"embeddable":true,"href":"https:\/\/www.hypertera.com\/index.php?rest_route=%2Fwp%2Fv2%2Fcomments&post=102"}],"wp:attachment":[{"href":"https:\/\/www.hypertera.com\/index.php?rest_route=%2Fwp%2Fv2%2Fmedia&parent=102"}],"wp:term":[{"taxonomy":"product_brand","embeddable":true,"href":"https:\/\/www.hypertera.com\/index.php?rest_route=%2Fwp%2Fv2%2Fproduct_brand&post=102"},{"taxonomy":"product_cat","embeddable":true,"href":"https:\/\/www.hypertera.com\/index.php?rest_route=%2Fwp%2Fv2%2Fproduct_cat&post=102"},{"taxonomy":"product_tag","embeddable":true,"href":"https:\/\/www.hypertera.com\/index.php?rest_route=%2Fwp%2Fv2%2Fproduct_tag&post=102"}],"curies":[{"name":"wp","href":"https:\/\/api.w.org\/{rel}","templated":true}]}}