{"id":1008,"date":"2022-07-21T14:26:01","date_gmt":"2022-07-21T14:26:01","guid":{"rendered":"https:\/\/www.hypertera.com\/?product=korjauslaite-5mm-x-8m"},"modified":"2022-07-21T14:26:31","modified_gmt":"2022-07-21T14:26:31","slug":"korjauslaite-5mm-x-8m","status":"publish","type":"product","link":"https:\/\/www.hypertera.com\/?product=korjauslaite-5mm-x-8m","title":{"rendered":"Korjauslaite, 5mm x 8m"},"content":{"rendered":"<p>Toimiston t\u00e4rke\u00e4 perustarvike. Sivuttain korjaava kertak\u00e4ytt\u00f6inen korjausrulla.<\/p>\n","protected":false},"excerpt":{"rendered":"<p>Toimiston t\u00e4rke\u00e4 perustarvike. Sivuttain korjaava kertak\u00e4ytt\u00f6inen korjausrulla.<\/p>\n","protected":false},"featured_media":1009,"comment_status":"closed","ping_status":"closed","template":"","meta":[],"product_brand":[],"product_cat":[332,331,30,16],"product_tag":[333],"class_list":{"0":"post-1008","1":"product","2":"type-product","3":"status-publish","4":"has-post-thumbnail","6":"product_cat-korjausnauhat-korjauslakat","7":"product_cat-teipit-liimat-ja-korjaustarvikkeet-toimistotarvikkeet","8":"product_cat-toimistotarvikkeet","9":"product_cat-tuotteet","10":"product_tag-korjauslaitteet","12":"first","13":"outofstock","14":"purchasable","15":"product-type-simple"},"jetpack_sharing_enabled":true,"_links":{"self":[{"href":"https:\/\/www.hypertera.com\/index.php?rest_route=\/wp\/v2\/product\/1008","targetHints":{"allow":["GET"]}}],"collection":[{"href":"https:\/\/www.hypertera.com\/index.php?rest_route=\/wp\/v2\/product"}],"about":[{"href":"https:\/\/www.hypertera.com\/index.php?rest_route=\/wp\/v2\/types\/product"}],"replies":[{"embeddable":true,"href":"https:\/\/www.hypertera.com\/index.php?rest_route=%2Fwp%2Fv2%2Fcomments&post=1008"}],"wp:featuredmedia":[{"embeddable":true,"href":"https:\/\/www.hypertera.com\/index.php?rest_route=\/wp\/v2\/media\/1009"}],"wp:attachment":[{"href":"https:\/\/www.hypertera.com\/index.php?rest_route=%2Fwp%2Fv2%2Fmedia&parent=1008"}],"wp:term":[{"taxonomy":"product_brand","embeddable":true,"href":"https:\/\/www.hypertera.com\/index.php?rest_route=%2Fwp%2Fv2%2Fproduct_brand&post=1008"},{"taxonomy":"product_cat","embeddable":true,"href":"https:\/\/www.hypertera.com\/index.php?rest_route=%2Fwp%2Fv2%2Fproduct_cat&post=1008"},{"taxonomy":"product_tag","embeddable":true,"href":"https:\/\/www.hypertera.com\/index.php?rest_route=%2Fwp%2Fv2%2Fproduct_tag&post=1008"}],"curies":[{"name":"wp","href":"https:\/\/api.w.org\/{rel}","templated":true}]}}