{"id":100,"date":"2022-07-21T13:39:53","date_gmt":"2022-07-21T13:39:53","guid":{"rendered":"https:\/\/www.hypertera.com\/?product=askartelusakset-penol-13cm-valkoinen"},"modified":"2022-07-21T13:39:58","modified_gmt":"2022-07-21T13:39:58","slug":"askartelusakset-penol-13cm-valkoinen","status":"publish","type":"product","link":"https:\/\/www.hypertera.com\/?product=askartelusakset-penol-13cm-valkoinen","title":{"rendered":"Askartelusakset, Penol, 13cm, valkoinen"},"content":{"rendered":"<p>Askartelusakset. 13cm askartelusakset tarkkuushiotusta ruostumattomomasta ter\u00e4ksest\u00e4, jossa valkoinen ABS-muovista valmistettu k\u00e4siosa. Tylp\u00e4n k\u00e4rjen ansiosta sakset soveltuvat hyvin lapsien k\u00e4ytt\u00f6\u00f6n.<\/p>\n","protected":false},"excerpt":{"rendered":"<p>Valkoinen Penol 13cm Askartelusakset<\/p>\n","protected":false},"featured_media":101,"comment_status":"closed","ping_status":"closed","template":"","meta":[],"product_brand":[],"product_cat":[64,65,63,72,71,66,16],"product_tag":[73],"class_list":{"0":"post-100","1":"product","2":"type-product","3":"status-publish","4":"has-post-thumbnail","6":"product_cat-askartelu","7":"product_cat-askarteluvalineettuotteet","8":"product_cat-kotiin-ja-lahjaksi","9":"product_cat-sakset","10":"product_cat-toimiston-pientarvikkeet","11":"product_cat-toimistotarvikkeet-askarteluvalineettuotteet","12":"product_cat-tuotteet","13":"product_tag-askartelusakset","15":"first","16":"instock","17":"purchasable","18":"product-type-simple"},"jetpack_sharing_enabled":true,"_links":{"self":[{"href":"https:\/\/www.hypertera.com\/index.php?rest_route=\/wp\/v2\/product\/100","targetHints":{"allow":["GET"]}}],"collection":[{"href":"https:\/\/www.hypertera.com\/index.php?rest_route=\/wp\/v2\/product"}],"about":[{"href":"https:\/\/www.hypertera.com\/index.php?rest_route=\/wp\/v2\/types\/product"}],"replies":[{"embeddable":true,"href":"https:\/\/www.hypertera.com\/index.php?rest_route=%2Fwp%2Fv2%2Fcomments&post=100"}],"wp:featuredmedia":[{"embeddable":true,"href":"https:\/\/www.hypertera.com\/index.php?rest_route=\/wp\/v2\/media\/101"}],"wp:attachment":[{"href":"https:\/\/www.hypertera.com\/index.php?rest_route=%2Fwp%2Fv2%2Fmedia&parent=100"}],"wp:term":[{"taxonomy":"product_brand","embeddable":true,"href":"https:\/\/www.hypertera.com\/index.php?rest_route=%2Fwp%2Fv2%2Fproduct_brand&post=100"},{"taxonomy":"product_cat","embeddable":true,"href":"https:\/\/www.hypertera.com\/index.php?rest_route=%2Fwp%2Fv2%2Fproduct_cat&post=100"},{"taxonomy":"product_tag","embeddable":true,"href":"https:\/\/www.hypertera.com\/index.php?rest_route=%2Fwp%2Fv2%2Fproduct_tag&post=100"}],"curies":[{"name":"wp","href":"https:\/\/api.w.org\/{rel}","templated":true}]}}